{"id":477,"date":"2022-04-12T06:12:05","date_gmt":"2022-04-12T06:12:05","guid":{"rendered":"https:\/\/las-ehdlab-lassonde-multi.pantheonsite.io\/sap\/transformer\/"},"modified":"2022-08-29T16:43:43","modified_gmt":"2022-08-29T16:43:43","slug":"transformer","status":"publish","type":"page","link":"https:\/\/lassonde.yorku.ca\/sap\/fr\/transformer\/","title":{"rendered":"Transformer"},"content":{"rendered":"<div class=\"wp-block-acf-sap-hero sap-block-hero acf-block \">\n\t\n\t<img loading=\"lazy\" decoding=\"async\" width=\"1440\" height=\"755\" src=\"https:\/\/lassonde.yorku.ca\/sap\/wp-content\/uploads\/sites\/20\/2022\/08\/transforming-hero-Jinjun-Lab-1.jpg\" class=\"attachment-full size-full\" alt=\"students with their projects at JinJin lab\" srcset=\"https:\/\/lassonde.yorku.ca\/sap\/wp-content\/uploads\/sites\/20\/2022\/08\/transforming-hero-Jinjun-Lab-1.jpg 1440w, https:\/\/lassonde.yorku.ca\/sap\/wp-content\/uploads\/sites\/20\/2022\/08\/transforming-hero-Jinjun-Lab-1-300x157.jpg 300w, https:\/\/lassonde.yorku.ca\/sap\/wp-content\/uploads\/sites\/20\/2022\/08\/transforming-hero-Jinjun-Lab-1-1024x537.jpg 1024w, https:\/\/lassonde.yorku.ca\/sap\/wp-content\/uploads\/sites\/20\/2022\/08\/transforming-hero-Jinjun-Lab-1-768x403.jpg 768w, https:\/\/lassonde.yorku.ca\/sap\/wp-content\/uploads\/sites\/20\/2022\/08\/transforming-hero-Jinjun-Lab-1-1200x629.jpg 1200w, https:\/\/lassonde.yorku.ca\/sap\/wp-content\/uploads\/sites\/20\/2022\/08\/transforming-hero-Jinjun-Lab-1-600x315.jpg 600w\" sizes=\"auto, (max-width: 1440px) 100vw, 1440px\" \/>\t\n\t<div class=\"opacity-layer\"><\/div>\n\t\n\t<h1 class=\"headline\">Transformer les gens et les id\u00e9es avec un objectif<\/h1>\n\t\t\n\t\n<\/div>\n<p><strong>Il y a dix ans, l&#8217;\u00c9cole d&#8217;ing\u00e9nierie Lassonde de l&#8217;Universit\u00e9 York a \u00e9t\u00e9 cr\u00e9\u00e9e avec un z\u00e8le massif, une passion et une \u00e9nergie sans limite pour r\u00e9ussir. Situ\u00e9e au c\u0153ur de la r\u00e9gion multiculturelle du Grand Toronto, elle est un foyer dynamique d&#8217;ing\u00e9nieurs, de scientifiques et d&#8217;entrepreneurs, repr\u00e9sentant une communaut\u00e9 diversifi\u00e9e d&#8217;\u00e9tudiants, de professeurs, de personnel, d&#8217;anciens \u00e9l\u00e8ves et de partenaires.<\/strong><\/p>\n\n<p>Unis par le d\u00e9sir commun de cr\u00e9er un monde meilleur, nous travaillons ensemble pour trouver des solutions pratiques \u00e0 des probl\u00e8mes apparemment impossibles. L&#8217;approche interdisciplinaire est au c\u0153ur de Lassonde &#8211; c&#8217;est ce qui diff\u00e9rencie l&#8217;\u00c9cole &#8211; et c&#8217;est ce qui fait son succ\u00e8s. Lors de notre lancement, nous avons volontairement brouill\u00e9 les fronti\u00e8res entre nos disciplines. En nous tournant vers l&#8217;avenir, nous continuerons \u00e0 \u00eatre conscients de notre contexte et des d\u00e9fis auxquels notre soci\u00e9t\u00e9 est confront\u00e9e.  <\/p>\n\n<p>Parmi les exemples actuels de ces d\u00e9fis, citons : une crise sanitaire mondiale, la protection de notre d\u00e9mocratie, la lutte contre le changement climatique, la r\u00e9conciliation avec les peuples autochtones et l&#8217;inclusion et le multiculturalisme. Nous restons convaincus que l&#8217;association de l&#8217;art, de la science et de l&#8217;ing\u00e9nierie constitue une base unique et pr\u00e9cieuse pour relever ces d\u00e9fis et d&#8217;autres encore.<\/p>\n\n<figure class=\"wp-block-image size-large\"><img loading=\"lazy\" decoding=\"async\" width=\"1024\" height=\"551\" src=\"https:\/\/lassonde.yorku.ca\/sap\/wp-content\/uploads\/sites\/20\/2022\/08\/transforming-2-1024x551.jpg\" alt=\"\" class=\"wp-image-38\" srcset=\"https:\/\/lassonde.yorku.ca\/sap\/wp-content\/uploads\/sites\/20\/2022\/08\/transforming-2-1024x551.jpg 1024w, https:\/\/lassonde.yorku.ca\/sap\/wp-content\/uploads\/sites\/20\/2022\/08\/transforming-2-300x161.jpg 300w, https:\/\/lassonde.yorku.ca\/sap\/wp-content\/uploads\/sites\/20\/2022\/08\/transforming-2-768x413.jpg 768w, https:\/\/lassonde.yorku.ca\/sap\/wp-content\/uploads\/sites\/20\/2022\/08\/transforming-2-600x323.jpg 600w, https:\/\/lassonde.yorku.ca\/sap\/wp-content\/uploads\/sites\/20\/2022\/08\/transforming-2.jpg 1080w\" sizes=\"auto, (max-width: 1024px) 100vw, 1024px\" \/><figcaption>Une exp\u00e9rience de laboratoire hybride : Combiner les explorations pratiques avec la flexibilit\u00e9 de la virtualisation<\/figcaption><\/figure>\n\n<p>Nous sommes fiers d&#8217;\u00eatre une \u00e9cole o\u00f9 les scientifiques de la terre et de l&#8217;espace, les informaticiens et les ing\u00e9nieurs de diverses disciplines collaborent au sein et au-del\u00e0 des \u00e9quipes de sciences, technologies, ing\u00e9nierie et math\u00e9matiques (STEM) pour relever les d\u00e9fis mondiaux. En adoptant une approche v\u00e9ritablement interdisciplinaire, nous suscitons la cr\u00e9ativit\u00e9 et l&#8217;innovation et donnons \u00e0 nos dipl\u00f4m\u00e9s les moyens de penser en termes de grands syst\u00e8mes plut\u00f4t que de petits silos, de concevoir en tenant compte des personnes et de surmonter l&#8217;ambigu\u00eft\u00e9.<\/p>\n\n<p>Lors de l&#8217;\u00e9laboration de ce plan, fruit de nombreuses conversations et consultations, il est apparu clairement que ce qui nous d\u00e9finit est la &#8220;communaut\u00e9&#8221; et nous d\u00e9crivons notre \u00e9cole comme un &#8220;foyer&#8221;. Ce sentiment de communaut\u00e9 provient de la valorisation et du soutien de nos membres pour ce qu&#8217;ils sont et, surtout, pour ce qu&#8217;ils veulent devenir. C&#8217;est un privil\u00e8ge pour nous de faire partie de cette transformation qui dure toute la vie.<\/p>\n\n<figure class=\"wp-block-image size-large\"><img loading=\"lazy\" decoding=\"async\" width=\"1024\" height=\"551\" src=\"https:\/\/lassonde.yorku.ca\/sap\/wp-content\/uploads\/sites\/20\/2022\/08\/transforming-3-1024x551.jpg\" alt=\"\" class=\"wp-image-40\" srcset=\"https:\/\/lassonde.yorku.ca\/sap\/wp-content\/uploads\/sites\/20\/2022\/08\/transforming-3-1024x551.jpg 1024w, https:\/\/lassonde.yorku.ca\/sap\/wp-content\/uploads\/sites\/20\/2022\/08\/transforming-3-300x161.jpg 300w, https:\/\/lassonde.yorku.ca\/sap\/wp-content\/uploads\/sites\/20\/2022\/08\/transforming-3-768x413.jpg 768w, https:\/\/lassonde.yorku.ca\/sap\/wp-content\/uploads\/sites\/20\/2022\/08\/transforming-3-600x323.jpg 600w, https:\/\/lassonde.yorku.ca\/sap\/wp-content\/uploads\/sites\/20\/2022\/08\/transforming-3.jpg 1080w\" sizes=\"auto, (max-width: 1024px) 100vw, 1024px\" \/><figcaption>Ariyanna Kresnyak l\u00e8ve le pouce en travaillant sur Goose 2, une fus\u00e9e con\u00e7ue pour participer au concours de fus\u00e9ologie de Launch Canada.<\/figcaption><\/figure>\n\n<p>La croissance exponentielle de Lassonde s&#8217;est accompagn\u00e9e d&#8217;un impact positif local et mondial de notre communaut\u00e9, dont les diff\u00e9rentes perspectives servent constamment \u00e0 renforcer notre mission fondamentale d&#8217;\u00e9ducation et de recherche. Le succ\u00e8s de notre \u00e9cole constitue une base solide \u00e0 partir de laquelle nous pourrons progresser dans la prochaine phase de notre d\u00e9veloppement.<\/p>\n\n<p>Comme notre \u00e9cole contribue \u00e0 la base de connaissances du Canada, nous avons l&#8217;occasion d&#8217;emprunter la voie de l&#8217;avenir aux c\u00f4t\u00e9s des peuples autochtones qui ont toujours appris du monde naturel et innov\u00e9 avec lui, afin qu&#8217;ensemble nous puissions travailler \u00e0 assurer un avenir durable aux g\u00e9n\u00e9rations \u00e0 venir.<\/p>\n\n<p>En prenant davantage conscience de nos responsabilit\u00e9s, gr\u00e2ce \u00e0 un alignement et une action interdisciplinaires, nous ferons une diff\u00e9rence positive. Relativement nouvelle, notre \u00e9cole a le d\u00e9sir, la d\u00e9termination et l&#8217;agilit\u00e9 n\u00e9cessaires pour offrir un environnement qui soutient \u00e0 la fois les changements transformateurs dans l&#8217;enseignement et l&#8217;apprentissage et les efforts cr\u00e9atifs de d\u00e9veloppement et de mise en \u0153uvre de la recherche. Nos partenaires continueront \u00e0 jouer un r\u00f4le essentiel dans l&#8217;expansion de notre communaut\u00e9, en augmentant les connaissances et l&#8217;impact gr\u00e2ce \u00e0 la co-cr\u00e9ation dans l&#8217;apprentissage et la recherche.<\/p>\n\n<p>Nous esp\u00e9rons que vous vous reconnaissez dans ce plan, qui d\u00e9crit notre objectif, nos valeurs et nos th\u00e8mes strat\u00e9giques en vue de r\u00e9aliser notre vision. \u00c9labor\u00e9e gr\u00e2ce \u00e0 une autor\u00e9flexion collective, notre nouvelle vision indique qui nous sommes vraiment et ce que Lassonde deviendra.<\/p>\n<div class=\"wp-block-acf-sap-navigation-banner sap-block-navigation-banner fade-in acf-block no-bottom-margin\">\n\t\n\t\t<a href=\"\/sap\/notre-vision-but-et-valeurs\" class=\"navigation-banner-link\">\n\t\t\n\t\t<span class=\"navigation-banner-content\">\n\t\t\t<span class=\"lead-text\">Notre vision, notre objectif et nos valeurs<\/span>\n\t\t\t<span class=\"headline\">Pour en savoir plus&nbsp;&nbsp;<img decoding=\"async\" src=\"https:\/\/lassonde.yorku.ca\/sap\/wp-content\/plugins\/lassonde-sap\/assets\/images\/arrow.svg\" class=\"arrow\"><\/span>\n\t\t<\/span>\n\t\t\n\t<\/a>\t\n\t\n\t<svg version=\"1.1\" id=\"Layer_1\" class=\"outline mesh\" xmlns=\"http:\/\/www.w3.org\/2000\/svg\" x=\"0\" y=\"0\" viewBox=\"0 0 1240.8 311.6\" xml:space=\"preserve\" style=\"\"><style>.st0{fill:none;stroke:#fff;stroke-width:2px;vector-effect:non-scaling-stroke;}<\/style><path class=\"st0 TZSmvRhr_0\" d=\"M30.2.8 49.4 20\"><\/path><path class=\"st0 TZSmvRhr_1\" d=\"M49.4 20 53.8.8\"><\/path><path class=\"st0 TZSmvRhr_2\" d=\"M49.4 20 .9 46.7\"><\/path><path class=\"st0 TZSmvRhr_3\" d=\"m49.4 20 .3 87.2\"><\/path><path class=\"st0 TZSmvRhr_4\" d=\"m49.4 20 129.2 42\"><\/path><path class=\"st0 TZSmvRhr_5\" d=\"M49.4 20 70.5.8\"><\/path><path class=\"st0 TZSmvRhr_6\" d=\"M166 .7 178.6 62\"><\/path><path class=\"st0 TZSmvRhr_7\" d=\"M221.2.7 247.3 28\"><\/path><path class=\"st0 TZSmvRhr_8\" d=\"m178.6 62 69.1 44.3\"><\/path><path class=\"st0 TZSmvRhr_9\" d=\"m178.6 62-26.4 143.8\"><\/path><path class=\"st0 TZSmvRhr_10\" d=\"M178.6 62 49.7 107.2\"><\/path><path class=\"st0 TZSmvRhr_11\" d=\"m178.6 62 68.7-34\"><\/path><path class=\"st0 TZSmvRhr_12\" d=\"m247.7 106.3-.4-78.3\"><\/path><path class=\"st0 TZSmvRhr_13\" d=\"m247.7 106.3 130.9-33.2\"><\/path><path class=\"st0 TZSmvRhr_14\" d=\"M247.7 106.3 347 205\"><\/path><path class=\"st0 TZSmvRhr_15\" d=\"m247.7 106.3 27.5 142.5\"><\/path><path class=\"st0 TZSmvRhr_16\" d=\"m247.7 106.3-95.5 99.5\"><\/path><path class=\"st0 TZSmvRhr_17\" d=\"m247.3 28 131.3 45.1\"><\/path><path class=\"st0 TZSmvRhr_18\" d=\"M378.6 73.1 347 205\"><\/path><path class=\"st0 TZSmvRhr_19\" d=\"m347 205 .4 86.6\"><\/path><path class=\"st0 TZSmvRhr_20\" d=\"m347 205-71.8 43.8\"><\/path><path class=\"st0 TZSmvRhr_21\" d=\"m347.4 291.6-20.5 19.2\"><\/path><path class=\"st0 TZSmvRhr_22\" d=\"m347.4 291.6-72.2-42.8\"><\/path><path class=\"st0 TZSmvRhr_23\" d=\"m157.4 310.8-4.8-24.6\"><\/path><path class=\"st0 TZSmvRhr_24\" d=\"m263.1 310.8 12.1-62\"><\/path><path class=\"st0 TZSmvRhr_25\" d=\"m176.7 310.8-24.1-24.6\"><\/path><path class=\"st0 TZSmvRhr_26\" d=\"m152.6 286.2 122.6-37.4\"><\/path><path class=\"st0 TZSmvRhr_27\" d=\"m275.2 248.8-123-43\"><\/path><path class=\"st0 TZSmvRhr_28\" d=\"M152.2 205.8 49.7 107.2\"><\/path><path class=\"st0 TZSmvRhr_29\" d=\"M49.7 107.2.6 73.5\"><\/path><style data-made-with=\"vivus-instant\">.TZSmvRhr_0{stroke-dasharray:28 30;stroke-dashoffset:29;animation:TZSmvRhr_draw 79ms linear 0ms forwards;}.TZSmvRhr_1{stroke-dasharray:20 22;stroke-dashoffset:21;animation:TZSmvRhr_draw 57ms linear 79ms forwards;}.TZSmvRhr_2{stroke-dasharray:56 58;stroke-dashoffset:57;animation:TZSmvRhr_draw 157ms linear 137ms forwards;}.TZSmvRhr_3{stroke-dasharray:88 90;stroke-dashoffset:89;animation:TZSmvRhr_draw 245ms linear 295ms forwards;}.TZSmvRhr_4{stroke-dasharray:136 138;stroke-dashoffset:137;animation:TZSmvRhr_draw 377ms linear 540ms forwards;}.TZSmvRhr_5{stroke-dasharray:29 31;stroke-dashoffset:30;animation:TZSmvRhr_draw 82ms linear 918ms forwards;}.TZSmvRhr_6{stroke-dasharray:63 65;stroke-dashoffset:64;animation:TZSmvRhr_draw 176ms linear 1000ms forwards;}.TZSmvRhr_7{stroke-dasharray:38 40;stroke-dashoffset:39;animation:TZSmvRhr_draw 107ms linear 1177ms forwards;}.TZSmvRhr_8{stroke-dasharray:83 85;stroke-dashoffset:84;animation:TZSmvRhr_draw 231ms linear 1284ms forwards;}.TZSmvRhr_9{stroke-dasharray:147 149;stroke-dashoffset:148;animation:TZSmvRhr_draw 408ms linear 1516ms forwards;}.TZSmvRhr_10{stroke-dasharray:137 139;stroke-dashoffset:138;animation:TZSmvRhr_draw 380ms linear 1924ms forwards;}.TZSmvRhr_11{stroke-dasharray:77 79;stroke-dashoffset:78;animation:TZSmvRhr_draw 215ms linear 2305ms forwards;}.TZSmvRhr_12{stroke-dasharray:79 81;stroke-dashoffset:80;animation:TZSmvRhr_draw 220ms linear 2520ms forwards;}.TZSmvRhr_13{stroke-dasharray:136 138;stroke-dashoffset:137;animation:TZSmvRhr_draw 377ms linear 2740ms forwards;}.TZSmvRhr_14{stroke-dasharray:141 143;stroke-dashoffset:142;animation:TZSmvRhr_draw 391ms linear 3118ms forwards;}.TZSmvRhr_15{stroke-dasharray:146 148;stroke-dashoffset:147;animation:TZSmvRhr_draw 405ms linear 3510ms forwards;}.TZSmvRhr_16{stroke-dasharray:138 140;stroke-dashoffset:139;animation:TZSmvRhr_draw 383ms linear 3915ms forwards;}.TZSmvRhr_17{stroke-dasharray:139 141;stroke-dashoffset:140;animation:TZSmvRhr_draw 386ms linear 4298ms forwards;}.TZSmvRhr_18{stroke-dasharray:136 138;stroke-dashoffset:137;animation:TZSmvRhr_draw 377ms linear 4684ms forwards;}.TZSmvRhr_19{stroke-dasharray:87 89;stroke-dashoffset:88;animation:TZSmvRhr_draw 242ms linear 5062ms forwards;}.TZSmvRhr_20{stroke-dasharray:85 87;stroke-dashoffset:86;animation:TZSmvRhr_draw 237ms linear 5305ms forwards;}.TZSmvRhr_21{stroke-dasharray:29 31;stroke-dashoffset:30;animation:TZSmvRhr_draw 82ms linear 5542ms forwards;}.TZSmvRhr_22{stroke-dasharray:84 86;stroke-dashoffset:85;animation:TZSmvRhr_draw 234ms linear 5625ms forwards;}.TZSmvRhr_23{stroke-dasharray:26 28;stroke-dashoffset:27;animation:TZSmvRhr_draw 74ms linear 5859ms forwards;}.TZSmvRhr_24{stroke-dasharray:64 66;stroke-dashoffset:65;animation:TZSmvRhr_draw 179ms linear 5933ms forwards;}.TZSmvRhr_25{stroke-dasharray:35 37;stroke-dashoffset:36;animation:TZSmvRhr_draw 99ms linear 6113ms forwards;}.TZSmvRhr_26{stroke-dasharray:129 131;stroke-dashoffset:130;animation:TZSmvRhr_draw 358ms linear 6212ms forwards;}.TZSmvRhr_27{stroke-dasharray:131 133;stroke-dashoffset:132;animation:TZSmvRhr_draw 363ms linear 6570ms forwards;}.TZSmvRhr_28{stroke-dasharray:143 145;stroke-dashoffset:144;animation:TZSmvRhr_draw 397ms linear 6934ms forwards;}.TZSmvRhr_29{stroke-dasharray:60 62;stroke-dashoffset:61;animation:TZSmvRhr_draw 168ms linear 7331ms forwards;}@keyframes TZSmvRhr_draw{100%{stroke-dashoffset:0;}}@keyframes TZSmvRhr_fade{0%{stroke-opacity:1;}96.58119658119658%{stroke-opacity:1;}100%{stroke-opacity:0;}}<\/style><\/svg>\n<\/div>","protected":false},"excerpt":{"rendered":"<p>Il y a dix ans, l&#8217;\u00c9cole d&#8217;ing\u00e9nierie Lassonde de l&#8217;Universit\u00e9 York a \u00e9t\u00e9 cr\u00e9\u00e9e avec un z\u00e8le massif, une passion et une \u00e9nergie sans limite pour r\u00e9ussir. Situ\u00e9e au c\u0153ur de la r\u00e9gion multiculturelle du Grand Toronto, elle est un foyer dynamique d&#8217;ing\u00e9nieurs, de scientifiques et d&#8217;entrepreneurs, repr\u00e9sentant une communaut\u00e9 diversifi\u00e9e d&#8217;\u00e9tudiants, de professeurs, de&#8230;<\/p>\n","protected":false},"author":246,"featured_media":0,"parent":0,"menu_order":0,"comment_status":"closed","ping_status":"closed","template":"","meta":{"_relevanssi_hide_post":"","_relevanssi_hide_content":"","_relevanssi_pin_for_all":"","_relevanssi_pin_keywords":"","_relevanssi_unpin_keywords":"","_relevanssi_related_keywords":"","_relevanssi_related_include_ids":"","_relevanssi_related_exclude_ids":"","_relevanssi_related_no_append":"","_relevanssi_related_not_related":"","_relevanssi_related_posts":"","_relevanssi_noindex_reason":"","_monsterinsights_skip_tracking":false,"_monsterinsights_sitenote_active":false,"_monsterinsights_sitenote_note":"","_monsterinsights_sitenote_category":0,"footnotes":""},"categories":[3],"tags":[],"class_list":["post-477","page","type-page","status-publish","hentry","category-non-classifiee"],"acf":[],"aioseo_notices":[],"yoast_head":"<!-- This site is optimized with the Yoast SEO plugin v26.9 - https:\/\/yoast.com\/product\/yoast-seo-wordpress\/ -->\n<title>Transformer - Strategic Academic Plan<\/title>\n<meta name=\"robots\" content=\"index, follow, max-snippet:-1, max-image-preview:large, max-video-preview:-1\" \/>\n<link rel=\"canonical\" href=\"https:\/\/lassonde.yorku.ca\/sap\/fr\/transformer\/\" \/>\n<meta property=\"og:locale\" content=\"fr_FR\" \/>\n<meta property=\"og:type\" content=\"article\" \/>\n<meta property=\"og:title\" content=\"Transformer - Strategic Academic Plan\" \/>\n<meta property=\"og:description\" content=\"Il y a dix ans, l&#8217;\u00c9cole d&#8217;ing\u00e9nierie Lassonde de l&#8217;Universit\u00e9 York a \u00e9t\u00e9 cr\u00e9\u00e9e avec un z\u00e8le massif, une passion et une \u00e9nergie sans limite pour r\u00e9ussir. Situ\u00e9e au c\u0153ur de la r\u00e9gion multiculturelle du Grand Toronto, elle est un foyer dynamique d&#8217;ing\u00e9nieurs, de scientifiques et d&#8217;entrepreneurs, repr\u00e9sentant une communaut\u00e9 diversifi\u00e9e d&#8217;\u00e9tudiants, de professeurs, de...\" \/>\n<meta property=\"og:url\" content=\"https:\/\/lassonde.yorku.ca\/sap\/fr\/transformer\/\" \/>\n<meta property=\"og:site_name\" content=\"Strategic Academic Plan\" \/>\n<meta property=\"article:modified_time\" content=\"2022-08-29T16:43:43+00:00\" \/>\n<meta property=\"og:image\" content=\"https:\/\/lassonde.yorku.ca\/sap\/wp-content\/uploads\/sites\/20\/2022\/08\/transforming-2-1024x551.jpg\" \/>\n<meta name=\"twitter:card\" content=\"summary_large_image\" \/>\n<meta name=\"twitter:label1\" content=\"Est. reading time\" \/>\n\t<meta name=\"twitter:data1\" content=\"4 minutes\" \/>\n<script type=\"application\/ld+json\" class=\"yoast-schema-graph\">{\"@context\":\"https:\/\/schema.org\",\"@graph\":[{\"@type\":\"WebPage\",\"@id\":\"https:\/\/lassonde.yorku.ca\/sap\/fr\/transformer\/\",\"url\":\"https:\/\/lassonde.yorku.ca\/sap\/fr\/transformer\/\",\"name\":\"Transformer - Strategic Academic Plan\",\"isPartOf\":{\"@id\":\"https:\/\/lassonde.yorku.ca\/sap\/#website\"},\"primaryImageOfPage\":{\"@id\":\"https:\/\/lassonde.yorku.ca\/sap\/fr\/transformer\/#primaryimage\"},\"image\":{\"@id\":\"https:\/\/lassonde.yorku.ca\/sap\/fr\/transformer\/#primaryimage\"},\"thumbnailUrl\":\"https:\/\/lassonde.yorku.ca\/sap\/wp-content\/uploads\/sites\/20\/2022\/08\/transforming-2-1024x551.jpg\",\"datePublished\":\"2022-04-12T06:12:05+00:00\",\"dateModified\":\"2022-08-29T16:43:43+00:00\",\"breadcrumb\":{\"@id\":\"https:\/\/lassonde.yorku.ca\/sap\/fr\/transformer\/#breadcrumb\"},\"inLanguage\":\"fr-FR\",\"potentialAction\":[{\"@type\":\"ReadAction\",\"target\":[\"https:\/\/lassonde.yorku.ca\/sap\/fr\/transformer\/\"]}]},{\"@type\":\"ImageObject\",\"inLanguage\":\"fr-FR\",\"@id\":\"https:\/\/lassonde.yorku.ca\/sap\/fr\/transformer\/#primaryimage\",\"url\":\"https:\/\/lassonde.yorku.ca\/sap\/wp-content\/uploads\/sites\/20\/2022\/08\/transforming-2-1024x551.jpg\",\"contentUrl\":\"https:\/\/lassonde.yorku.ca\/sap\/wp-content\/uploads\/sites\/20\/2022\/08\/transforming-2-1024x551.jpg\"},{\"@type\":\"BreadcrumbList\",\"@id\":\"https:\/\/lassonde.yorku.ca\/sap\/fr\/transformer\/#breadcrumb\",\"itemListElement\":[{\"@type\":\"ListItem\",\"position\":1,\"name\":\"Home\",\"item\":\"https:\/\/lassonde.yorku.ca\/sap\/fr\/\"},{\"@type\":\"ListItem\",\"position\":2,\"name\":\"Transformer\"}]},{\"@type\":\"WebSite\",\"@id\":\"https:\/\/lassonde.yorku.ca\/sap\/#website\",\"url\":\"https:\/\/lassonde.yorku.ca\/sap\/\",\"name\":\"Strategic Academic Plan\",\"description\":\"Strategic Academic Plan\",\"potentialAction\":[{\"@type\":\"SearchAction\",\"target\":{\"@type\":\"EntryPoint\",\"urlTemplate\":\"https:\/\/lassonde.yorku.ca\/sap\/?s={search_term_string}\"},\"query-input\":{\"@type\":\"PropertyValueSpecification\",\"valueRequired\":true,\"valueName\":\"search_term_string\"}}],\"inLanguage\":\"fr-FR\"}]}<\/script>\n<!-- \/ Yoast SEO plugin. -->","yoast_head_json":{"title":"Transformer - Strategic Academic Plan","robots":{"index":"index","follow":"follow","max-snippet":"max-snippet:-1","max-image-preview":"max-image-preview:large","max-video-preview":"max-video-preview:-1"},"canonical":"https:\/\/lassonde.yorku.ca\/sap\/fr\/transformer\/","og_locale":"fr_FR","og_type":"article","og_title":"Transformer - Strategic Academic Plan","og_description":"Il y a dix ans, l&#8217;\u00c9cole d&#8217;ing\u00e9nierie Lassonde de l&#8217;Universit\u00e9 York a \u00e9t\u00e9 cr\u00e9\u00e9e avec un z\u00e8le massif, une passion et une \u00e9nergie sans limite pour r\u00e9ussir. Situ\u00e9e au c\u0153ur de la r\u00e9gion multiculturelle du Grand Toronto, elle est un foyer dynamique d&#8217;ing\u00e9nieurs, de scientifiques et d&#8217;entrepreneurs, repr\u00e9sentant une communaut\u00e9 diversifi\u00e9e d&#8217;\u00e9tudiants, de professeurs, de...","og_url":"https:\/\/lassonde.yorku.ca\/sap\/fr\/transformer\/","og_site_name":"Strategic Academic Plan","article_modified_time":"2022-08-29T16:43:43+00:00","og_image":[{"url":"https:\/\/lassonde.yorku.ca\/sap\/wp-content\/uploads\/sites\/20\/2022\/08\/transforming-2-1024x551.jpg","type":"","width":"","height":""}],"twitter_card":"summary_large_image","twitter_misc":{"Est. reading time":"4 minutes"},"schema":{"@context":"https:\/\/schema.org","@graph":[{"@type":"WebPage","@id":"https:\/\/lassonde.yorku.ca\/sap\/fr\/transformer\/","url":"https:\/\/lassonde.yorku.ca\/sap\/fr\/transformer\/","name":"Transformer - Strategic Academic Plan","isPartOf":{"@id":"https:\/\/lassonde.yorku.ca\/sap\/#website"},"primaryImageOfPage":{"@id":"https:\/\/lassonde.yorku.ca\/sap\/fr\/transformer\/#primaryimage"},"image":{"@id":"https:\/\/lassonde.yorku.ca\/sap\/fr\/transformer\/#primaryimage"},"thumbnailUrl":"https:\/\/lassonde.yorku.ca\/sap\/wp-content\/uploads\/sites\/20\/2022\/08\/transforming-2-1024x551.jpg","datePublished":"2022-04-12T06:12:05+00:00","dateModified":"2022-08-29T16:43:43+00:00","breadcrumb":{"@id":"https:\/\/lassonde.yorku.ca\/sap\/fr\/transformer\/#breadcrumb"},"inLanguage":"fr-FR","potentialAction":[{"@type":"ReadAction","target":["https:\/\/lassonde.yorku.ca\/sap\/fr\/transformer\/"]}]},{"@type":"ImageObject","inLanguage":"fr-FR","@id":"https:\/\/lassonde.yorku.ca\/sap\/fr\/transformer\/#primaryimage","url":"https:\/\/lassonde.yorku.ca\/sap\/wp-content\/uploads\/sites\/20\/2022\/08\/transforming-2-1024x551.jpg","contentUrl":"https:\/\/lassonde.yorku.ca\/sap\/wp-content\/uploads\/sites\/20\/2022\/08\/transforming-2-1024x551.jpg"},{"@type":"BreadcrumbList","@id":"https:\/\/lassonde.yorku.ca\/sap\/fr\/transformer\/#breadcrumb","itemListElement":[{"@type":"ListItem","position":1,"name":"Home","item":"https:\/\/lassonde.yorku.ca\/sap\/fr\/"},{"@type":"ListItem","position":2,"name":"Transformer"}]},{"@type":"WebSite","@id":"https:\/\/lassonde.yorku.ca\/sap\/#website","url":"https:\/\/lassonde.yorku.ca\/sap\/","name":"Strategic Academic Plan","description":"Strategic Academic Plan","potentialAction":[{"@type":"SearchAction","target":{"@type":"EntryPoint","urlTemplate":"https:\/\/lassonde.yorku.ca\/sap\/?s={search_term_string}"},"query-input":{"@type":"PropertyValueSpecification","valueRequired":true,"valueName":"search_term_string"}}],"inLanguage":"fr-FR"}]}},"_links":{"self":[{"href":"https:\/\/lassonde.yorku.ca\/sap\/fr\/wp-json\/wp\/v2\/pages\/477","targetHints":{"allow":["GET"]}}],"collection":[{"href":"https:\/\/lassonde.yorku.ca\/sap\/fr\/wp-json\/wp\/v2\/pages"}],"about":[{"href":"https:\/\/lassonde.yorku.ca\/sap\/fr\/wp-json\/wp\/v2\/types\/page"}],"author":[{"embeddable":true,"href":"https:\/\/lassonde.yorku.ca\/sap\/fr\/wp-json\/wp\/v2\/users\/246"}],"replies":[{"embeddable":true,"href":"https:\/\/lassonde.yorku.ca\/sap\/fr\/wp-json\/wp\/v2\/comments?post=477"}],"version-history":[{"count":5,"href":"https:\/\/lassonde.yorku.ca\/sap\/fr\/wp-json\/wp\/v2\/pages\/477\/revisions"}],"predecessor-version":[{"id":808,"href":"https:\/\/lassonde.yorku.ca\/sap\/fr\/wp-json\/wp\/v2\/pages\/477\/revisions\/808"}],"wp:attachment":[{"href":"https:\/\/lassonde.yorku.ca\/sap\/fr\/wp-json\/wp\/v2\/media?parent=477"}],"wp:term":[{"taxonomy":"category","embeddable":true,"href":"https:\/\/lassonde.yorku.ca\/sap\/fr\/wp-json\/wp\/v2\/categories?post=477"},{"taxonomy":"post_tag","embeddable":true,"href":"https:\/\/lassonde.yorku.ca\/sap\/fr\/wp-json\/wp\/v2\/tags?post=477"}],"curies":[{"name":"wp","href":"https:\/\/api.w.org\/{rel}","templated":true}]}}