{"id":706,"date":"2022-04-12T06:35:01","date_gmt":"2022-04-12T06:35:01","guid":{"rendered":"https:\/\/lassonde.yorku.ca\/sap\/themes\/"},"modified":"2022-08-29T08:19:38","modified_gmt":"2022-08-29T08:19:38","slug":"themes","status":"publish","type":"page","link":"https:\/\/lassonde.yorku.ca\/sap\/fr\/themes\/","title":{"rendered":"Th\u00e8mes"},"content":{"rendered":"<div class=\"wp-block-acf-sap-hero sap-block-hero acf-block \">\n\t\n\t<img loading=\"lazy\" decoding=\"async\" width=\"1440\" height=\"755\" src=\"https:\/\/lassonde.yorku.ca\/sap\/wp-content\/uploads\/sites\/20\/2022\/08\/themes-hero-commons_sitting2.jpg\" class=\"attachment-full size-full\" alt=\"three diverse students laughing while sitting on grass\" srcset=\"https:\/\/lassonde.yorku.ca\/sap\/wp-content\/uploads\/sites\/20\/2022\/08\/themes-hero-commons_sitting2.jpg 1440w, https:\/\/lassonde.yorku.ca\/sap\/wp-content\/uploads\/sites\/20\/2022\/08\/themes-hero-commons_sitting2-300x157.jpg 300w, https:\/\/lassonde.yorku.ca\/sap\/wp-content\/uploads\/sites\/20\/2022\/08\/themes-hero-commons_sitting2-1024x537.jpg 1024w, https:\/\/lassonde.yorku.ca\/sap\/wp-content\/uploads\/sites\/20\/2022\/08\/themes-hero-commons_sitting2-768x403.jpg 768w, https:\/\/lassonde.yorku.ca\/sap\/wp-content\/uploads\/sites\/20\/2022\/08\/themes-hero-commons_sitting2-1200x629.jpg 1200w, https:\/\/lassonde.yorku.ca\/sap\/wp-content\/uploads\/sites\/20\/2022\/08\/themes-hero-commons_sitting2-600x315.jpg 600w\" sizes=\"auto, (max-width: 1440px) 100vw, 1440px\" \/>\t\n\t<div class=\"opacity-layer\"><\/div>\n\t\n\t<h1 class=\"headline\">Nos th\u00e8mes strat\u00e9giques<\/h1>\n\t\t\n\t<svg version=\"1.1\" class=\"outline mesh start\" id=\"Layer_1\" xmlns=\"http:\/\/www.w3.org\/2000\/svg\" x=\"0\" y=\"0\" viewBox=\"0 0 1552 755\" xml:space=\"preserve\" preserveAspectRatio=\"xMidYMid slice\" style=\"\"><style>.st0{fill:none;stroke:#fff;stroke-width:2px;vector-effect:non-scaling-stroke;}<\/style><path class=\"st0 phxQdhyJ_0\" d=\"m86.3 218.6 118.1 136.8 40.8-236.2-158.9 99.4z\"><\/path><path class=\"st0 phxQdhyJ_1\" d=\"m204.3 355.4 132.4-178.9-91.6-57.3-40.8 236.2z\"><\/path><path class=\"st0 phxQdhyJ_2\" d=\"m349.2 46.1 187 40.6-36-227.4-151 186.8z\"><\/path><path class=\"st0 phxQdhyJ_3\" d=\"m1034-246.9-220.6-48.6-.1 136.5 220.7-87.9z\"><\/path><path class=\"st0 phxQdhyJ_4\" d=\"m336.7 176.5 199.5-89.8-187-40.6-12.5 130.4z\"><\/path><path class=\"st0 phxQdhyJ_5\" d=\"m812.9 443.1 234.7-74.7L813 298.5l-.1 144.6z\"><\/path><path class=\"st0 phxQdhyJ_6\" d=\"m-160 249.2 107.5 134.1 47-221.2-154.5 87.1z\"><\/path><path class=\"st0 phxQdhyJ_7\" d=\"M86.3 86.4v132.2l158.9-99.4L86.3 86.4z\"><\/path><path class=\"st0 phxQdhyJ_8\" d=\"M-52.5 383.3 86.3 218.6l-91.7-56.5c-.1 0-47.1 221.2-47.1 221.2z\"><\/path><path class=\"st0 phxQdhyJ_9\" d=\"m-5.5 162.1 91.7 56.5V86.4l-91.7 75.7z\"><\/path><path class=\"st0 phxQdhyJ_10\" d=\"m245.1 119.2 91.6 57.3 12.5-130.4-104.1 73.1z\"><\/path><path class=\"st0 phxQdhyJ_11\" d=\"M866.2 62.3 813.3-159 654.4-4.8l211.8 67.1z\"><\/path><path class=\"st0 phxQdhyJ_12\" d=\"m654.4-4.8-.1 149 211.9-81.8L654.4-4.8z\"><\/path><path class=\"st0 phxQdhyJ_13\" d=\"M866.2 62.3 813 298.5l180.1-178.8-126.9-57.4z\"><\/path><path class=\"st0 phxQdhyJ_14\" d=\"m813 298.5 234.6 69.8-54.5-248.6L813 298.5z\"><\/path><path class=\"st0 phxQdhyJ_15\" d=\"M654.3 144.1 813 298.5l53.1-236.2-211.8 81.8z\"><\/path><path class=\"st0 phxQdhyJ_16\" d=\"m813.3-159 .1-136.6L696-220.8l-41.6 216L813.3-159z\"><\/path><path class=\"st0 phxQdhyJ_17\" d=\"m696.1-220.7-195.9 80L654.4-4.8l41.7-215.9z\"><\/path><path class=\"st0 phxQdhyJ_18\" d=\"m536.2 86.7 118.1 57.4.1-149-118.2 91.6z\"><\/path><path class=\"st0 phxQdhyJ_19\" d=\"m500.2-140.7 36 227.4L654.4-4.8 500.2-140.7z\"><\/path><style data-made-with=\"vivus-instant\">.phxQdhyJ_0{stroke-dasharray:608 610;stroke-dashoffset:609;animation:phxQdhyJ_draw 156ms linear 0ms forwards;}.phxQdhyJ_1{stroke-dasharray:571 573;stroke-dashoffset:572;animation:phxQdhyJ_draw 146ms linear 156ms forwards;}.phxQdhyJ_2{stroke-dasharray:662 664;stroke-dashoffset:663;animation:phxQdhyJ_draw 170ms linear 302ms forwards;}.phxQdhyJ_3{stroke-dasharray:600 602;stroke-dashoffset:601;animation:phxQdhyJ_draw 154ms linear 472ms forwards;}.phxQdhyJ_4{stroke-dasharray:542 544;stroke-dashoffset:543;animation:phxQdhyJ_draw 139ms linear 627ms forwards;}.phxQdhyJ_5{stroke-dasharray:636 638;stroke-dashoffset:637;animation:phxQdhyJ_draw 163ms linear 766ms forwards;}.phxQdhyJ_6{stroke-dasharray:576 578;stroke-dashoffset:577;animation:phxQdhyJ_draw 147ms linear 929ms forwards;}.phxQdhyJ_7{stroke-dasharray:482 484;stroke-dashoffset:483;animation:phxQdhyJ_draw 123ms linear 1077ms forwards;}.phxQdhyJ_8{stroke-dasharray:550 552;stroke-dashoffset:551;animation:phxQdhyJ_draw 141ms linear 1201ms forwards;}.phxQdhyJ_9{stroke-dasharray:359 361;stroke-dashoffset:360;animation:phxQdhyJ_draw 92ms linear 1342ms forwards;}.phxQdhyJ_10{stroke-dasharray:367 369;stroke-dashoffset:368;animation:phxQdhyJ_draw 94ms linear 1435ms forwards;}.phxQdhyJ_11{stroke-dasharray:672 674;stroke-dashoffset:673;animation:phxQdhyJ_draw 172ms linear 1529ms forwards;}.phxQdhyJ_12{stroke-dasharray:599 601;stroke-dashoffset:600;animation:phxQdhyJ_draw 153ms linear 1702ms forwards;}.phxQdhyJ_13{stroke-dasharray:636 638;stroke-dashoffset:637;animation:phxQdhyJ_draw 163ms linear 1856ms forwards;}.phxQdhyJ_14{stroke-dasharray:754 756;stroke-dashoffset:755;animation:phxQdhyJ_draw 193ms linear 2019ms forwards;}.phxQdhyJ_15{stroke-dasharray:691 693;stroke-dashoffset:692;animation:phxQdhyJ_draw 177ms linear 2213ms forwards;}.phxQdhyJ_16{stroke-dasharray:718 720;stroke-dashoffset:719;animation:phxQdhyJ_draw 184ms linear 2390ms forwards;}.phxQdhyJ_17{stroke-dasharray:638 640;stroke-dashoffset:639;animation:phxQdhyJ_draw 163ms linear 2575ms forwards;}.phxQdhyJ_18{stroke-dasharray:430 432;stroke-dashoffset:431;animation:phxQdhyJ_draw 110ms linear 2738ms forwards;}.phxQdhyJ_19{stroke-dasharray:586 588;stroke-dashoffset:587;animation:phxQdhyJ_draw 150ms linear 2849ms forwards;}@keyframes phxQdhyJ_draw{100%{stroke-dashoffset:0;}}@keyframes phxQdhyJ_fade{0%{stroke-opacity:1;}94.44444444444444%{stroke-opacity:1;}100%{stroke-opacity:0;}}<\/style><\/svg>\n<\/div>\n\n\n<p>Notre Programme acad\u00e9mique strat\u00e9gique est guid\u00e9 par quatre th\u00e8mes dans lesquels nous avons identifi\u00e9 les principales initiatives que nous visons \u00e0 atteindre d\u2019ici 2026. Puisqu\u2019elle est relativement jeune, notre \u00e9cole poss\u00e8de le d\u00e9sir, la d\u00e9termination et la flexibilit\u00e9 d\u2019offrir un environnement qui encourage les changements transformateurs en enseignement ainsi que les initiatives cr\u00e9atives de d\u00e9veloppement de recherche et de mise en \u0153uvre compl\u00e8tes.<\/p>\n\n\n\n<div style=\"height:50px\" aria-hidden=\"true\" class=\"wp-block-spacer\"><\/div>\n\n\n<div class=\"wp-block-acf-sap-large-cta sap-block-large-cta fade-in acf-block \">\n\n\t<div class=\"large-cta-row\">\n\t\t\n\t\t<div class=\"large-cta-content-column\">\n\t\t\t\n\t\t\t<span class=\"icon\"><svg version=\"1.1\" id=\"Layer_1\" xmlns=\"http:\/\/www.w3.org\/2000\/svg\" x=\"0\" y=\"0\" viewBox=\"0 0 91 91\" xml:space=\"preserve\"><style>.st0{fill:#c33}<\/style><path class=\"st0\" d=\"M18.4 39.2H6.6c-1.7 0-3.4.7-4.6 1.8-1.3 1.3-2 2.8-2 4.5s.7 3.2 1.9 4.4c1.2 1.2 2.9 1.8 4.6 1.8h11.9c1.7 0 3.4-.7 4.6-1.8 1.2-1.2 1.9-2.8 1.9-4.4s-.7-3.2-1.9-4.4a6.42 6.42 0 0 0-4.6-1.9zM84.4 39.2H72.6c-1.7 0-3.4.7-4.6 1.8-1.2 1.2-1.9 2.8-1.9 4.4s.7 3.2 1.9 4.4c1.2 1.2 2.9 1.8 4.6 1.8h11.9c1.7 0 3.4-.7 4.6-1.8 1.2-1.2 1.9-2.8 1.9-4.4s-.7-3.2-1.9-4.4c-1.3-1.1-2.9-1.8-4.7-1.8zM51.7 18.4V6.6c0-1.7-.7-3.4-1.8-4.6-1.2-1.3-2.7-2-4.4-2s-3.2.7-4.4 1.9c-1.2 1.2-1.8 2.9-1.8 4.6v11.9c0 1.7.7 3.4 1.8 4.6 1.2 1.2 2.8 1.9 4.4 1.9s3.2-.7 4.4-1.9c1.2-1.2 1.8-2.8 1.8-4.6zM51.7 84.5V72.6c0-1.7-.7-3.4-1.8-4.6-1.2-1.2-2.8-1.9-4.4-1.9s-3.2.7-4.4 1.9c-1.2 1.2-1.8 2.9-1.8 4.6v11.9c0 1.7.7 3.4 1.8 4.6 1.2 1.2 2.8 1.9 4.4 1.9s3.2-.7 4.4-1.9c1.2-1.2 1.8-2.9 1.8-4.6zM39.1 60.4c1.3-1.4 1.9-3.1 1.9-4.9 0-1.8-.7-3.5-1.9-4.8-1.2-1.3-2.9-2-4.6-2-1.7 0-3.4.7-4.6 1.9l-.1.1-17.2 17.9c-1.2 1.3-1.9 3-1.9 4.8 0 1.8.7 3.5 1.9 4.8 1.2 1.3 2.9 2 4.6 2 1.7 0 3.4-.7 4.6-2l17.3-17.8zM78.2 22c.7-.7 1.2-1.4 1.6-2.2.3-.8.5-1.7.5-2.5s-.2-1.7-.5-2.5-.8-1.5-1.5-2.1c-.6-.6-1.4-1.1-2.2-1.4-.8-.3-1.7-.5-2.6-.5-.9 0-1.8.2-2.6.5s-1.6.8-2.2 1.4l-.1.1-17.8 17.1c-1.3 1.2-2 2.9-2 4.6s.7 3.4 2 4.6c1.3 1.2 3 1.9 4.8 1.9s3.5-.7 4.8-1.9L78.2 22z\"\/><path class=\"st0\" d=\"M51.7 18.4V6.6c0-1.7-.7-3.4-1.8-4.6-1.2-1.3-2.7-2-4.4-2s-3.2.7-4.4 1.9c-1.2 1.2-1.8 2.9-1.8 4.6v11.9c0 1.7.7 3.4 1.8 4.6 1.2 1.2 2.8 1.9 4.4 1.9s3.2-.7 4.4-1.9c1.2-1.2 1.8-2.8 1.8-4.6zM51.7 84.5V72.6c0-1.7-.7-3.4-1.8-4.6-1.2-1.2-2.8-1.9-4.4-1.9s-3.2.7-4.4 1.9c-1.2 1.2-1.8 2.9-1.8 4.6v11.9c0 1.7.7 3.4 1.8 4.6 1.2 1.2 2.8 1.9 4.4 1.9s3.2-.7 4.4-1.9c1.2-1.2 1.8-2.9 1.8-4.6zM29.7 39c1.3 1.3 3 2 4.7 2 1.7 0 3.4-.7 4.6-1.9 1.2-1.2 1.9-2.9 1.9-4.7s-.7-3.4-1.9-4.7L21.8 12.6c-1.2-1.2-2.9-1.9-4.6-1.8-1.7 0-3.4.7-4.6 1.9-1.2 1.2-1.9 2.9-1.9 4.6 0 1.7.6 3.4 1.8 4.6L29.7 39zM68.5 78.2c1.4 1.4 3.1 2.1 4.9 2.1 1.8 0 3.6-.7 4.8-2 1.3-1.3 2-3 2-4.8 0-1.8-.7-3.5-2-4.8l-.1-.1-17.8-18c-1.3-1.2-3-1.9-4.8-1.9-1.8 0-3.5.8-4.7 2-1.3 1.3-2 3-2 4.7 0 1.8.6 3.5 1.9 4.8l17.8 18z\"\/><\/svg><\/span>\n\t\t\n\t\t\t<h3>\u00catre un chef de file dans la cr\u00e9ation de solutions pour un monde plus juste et durable<\/h3>\n\t\t\t\n\t\t\t<p>La communaut\u00e9 de York s\u2019est engag\u00e9e \u00e0 augmenter ses contributions collectives pour atteindre les objectifs de d\u00e9veloppement durable des Nations Unies (ODD de l\u2019ONU). <\/p>\n\t\t\t\t\t\n\t\t<\/div>\n\t\t\n\t\t<div class=\"large-cta-button-column\">\n\t\t\t\t\n\t\t\t<a class=\"sap-button\" href=\"solutions-pour-un-monde-plus-juste-et-durable\/\">Lire la suite<\/a>\n\t\t\t\n\t\t<\/div>\n\t\t\n\t<\/div>\t\n\t\t\n<\/div>\n\n<div class=\"wp-block-acf-sap-large-cta sap-block-large-cta fade-in acf-block \">\n\n\t<div class=\"large-cta-row\">\n\t\t\n\t\t<div class=\"large-cta-content-column\">\n\t\t\t\n\t\t\t<span class=\"icon\"><svg version=\"1.1\" id=\"Layer_1\" xmlns=\"http:\/\/www.w3.org\/2000\/svg\" x=\"0\" y=\"0\" viewBox=\"0 0 85 85\" xml:space=\"preserve\"><style>.st0{fill:#c33}<\/style><path class=\"st0\" d=\"M24.6 82.9c1.4 1.4 3.1 2.1 5 2.1 1.8 0 3.6-.7 4.9-2 1.3-1.3 2-3 2-4.9 0-1.8-.7-3.6-2-4.9l-.1-.1-22.6-22.6c-.6-.6-1.4-1.2-2.2-1.5-.8-.3-1.7-.5-2.6-.5-.9 0-1.8.2-2.6.5s-1.6.8-2.2 1.5c-1.3 1.3-2 3.1-2 4.9 0 .9.2 1.8.5 2.6s.9 1.6 1.5 2.2l22.4 22.7zM60.4 2.1C59 .8 57.3.1 55.5.2c-1.8 0-3.5.8-4.7 2-1.3 1.3-2 3-2 4.7 0 1.8.6 3.5 1.8 4.8l.1.1 22.6 22.6c.6.6 1.4 1.2 2.2 1.5.8.3 1.7.5 2.6.5.9 0 1.8-.2 2.6-.5s1.6-.9 2.2-1.5c.6-.6 1.1-1.4 1.5-2.2.3-.8.5-1.7.5-2.6 0-.9-.2-1.8-.5-2.6s-.9-1.6-1.5-2.2L60.4 2.1zM26.8 35.1h-.1c-1.8 0-3.6.7-4.9 2-1.3 1.3-2 3-2 4.9 0 1.8.7 3.6 2 4.9 1.3 1.3 3 2 4.9 2h32.1c1.8 0 3.6-.7 4.9-2 1.3-1.3 2-3.1 2-4.9 0-1.8-.7-3.6-2-4.9-1.3-1.3-3-2-4.9-2h-32z\"\/><path class=\"st0\" d=\"M35.8 58v.1c0 1.8.7 3.6 2 4.9 1.3 1.3 3 2 4.9 2 1.8 0 3.6-.7 4.9-2 1.3-1.3 2-3 2-4.9V26c0-1.8-.7-3.6-2-4.9-1.3-1.3-3-2-4.9-2-1.8 0-3.6.7-4.9 2-1.3 1.3-2 3.1-2 4.9v32zM2.1 24.6C.7 26 0 27.8 0 29.6c0 1.8.7 3.6 2 4.9 1.3 1.3 3 2 4.9 2 1.8 0 3.6-.7 4.9-2l.1-.1 22.6-22.6c1.3-1.3 2-3.1 2-4.9 0-1.8-.7-3.6-2-4.9-1.3-1.3-3-2-4.9-2-1.8 0-3.6.7-4.9 2L2.1 24.6zM82.9 60.4c1.4-1.4 2.1-3.2 2.1-5 0-1.8-.7-3.6-2-4.9-1.3-1.3-3-2-4.9-2-1.8 0-3.6.7-4.9 2l-.1.1-22.5 22.6c-.6.6-1.1 1.4-1.5 2.2-.3.8-.5 1.7-.5 2.6 0 .9.2 1.8.5 2.6s.9 1.6 1.5 2.2c.6.6 1.4 1.2 2.2 1.5.8.3 1.7.5 2.6.5.9 0 1.8-.2 2.6-.5s1.6-.9 2.2-1.5l22.7-22.4z\"\/><\/svg><\/span>\n\t\t\n\t\t\t<h3>Responsabiliser notre groupe \u00e0 l\u2019aide de perspectives, d\u2019outils et de connaissances<\/h3>\n\t\t\t\n\t\t\t<p>Nous d\u00e9veloppons une communaut\u00e9 d&#8217;individus forts et collaboratifs en les soutenant et en leur proposant des occasions de d\u00e9veloppement.<\/p>\n\t\t\t\t\t\n\t\t<\/div>\n\t\t\n\t\t<div class=\"large-cta-button-column\">\n\t\t\t\t\n\t\t\t<a class=\"sap-button\" href=\"responsabiliser-notre-groupe-a-laide-de-perspectives-doutils-et-de-connaissances\/\">Lire la suite<\/a>\n\t\t\t\n\t\t<\/div>\n\t\t\n\t<\/div>\t\n\t\t\n<\/div>\n\n<div class=\"wp-block-acf-sap-large-cta sap-block-large-cta fade-in acf-block \">\n\n\t<div class=\"large-cta-row\">\n\t\t\n\t\t<div class=\"large-cta-content-column\">\n\t\t\t\n\t\t\t<span class=\"icon\"><svg version=\"1.1\" id=\"Layer_1\" xmlns=\"http:\/\/www.w3.org\/2000\/svg\" x=\"0\" y=\"0\" viewBox=\"0 0 90 92.7\" xml:space=\"preserve\"><style>.st0{fill:#c33}<\/style><path class=\"st0\" d=\"m18.5 77.8 12.2 7.7 9.6 5.8 1.5.9c.8.4 1.7.6 2.7.6.9 0 1.8-.1 2.7-.5l1.5-.8 9.8-5.4 13.8-7.7c.9-.4 1.7-1 2.3-1.7.6-.7 1.1-1.5 1.4-2.5.3-.9.4-1.9.3-2.8-.1-1-.4-1.9-.8-2.7-.5-.8-1.1-1.6-1.9-2.2-.8-.6-1.6-1-2.6-1.2-.9-.2-1.9-.3-2.9-.1-.9.2-1.9.5-2.7 1.1L51.6 74l.2-13.9h-.1v-2c-.1-1.8-.9-3.4-2.1-4.6-1.3-1.2-2.9-1.9-4.7-1.9-1.8 0-3.5.6-4.8 1.8-1.3 1.2-2.1 2.8-2.3 4.5l-.2 15.9-12.1-7.7c-1.6-.8-3.4-1-5.1-.5-1.7.5-3.2 1.6-4.1 3.1-.9 1.5-1.2 3.3-.8 5 .6 1.6 1.6 3.1 3 4.1zM27.5 2.2 14.7 8.9l-9.8 5.4-1.5.8c-.7.5-1.4 1.2-1.8 2-.5.8-.8 1.6-.9 2.5v1.7L.3 32.5 0 48.3c-.1.9 0 1.9.3 2.8.3.9.8 1.8 1.4 2.5.6.7 1.4 1.3 2.3 1.7.9.4 1.8.6 2.8.6s1.9-.1 2.8-.5c.9-.4 1.7-.9 2.4-1.6.7-.7 1.2-1.5 1.5-2.4.3-.9.5-1.9.4-2.8l.2-15.8L26 39.9v-.1l1.7 1.1c1.6.8 3.4.9 5 .5 1.7-.5 3.1-1.6 4-3.1s1.2-3.3.9-5c-.3-1.7-1.3-3.2-2.7-4.3l-13.5-8 12.8-6.6c1.5-.9 2.5-2.4 3-4.1s.2-3.5-.6-5.1c-.8-1.5-2.2-2.7-3.9-3.3-1.8-.5-3.6-.4-5.2.3zM89 47.6l.7-14.4L90 22v-1.7c-.1-.9-.4-1.8-.8-2.6s-1-1.5-1.7-2.1l-1.5-.9-9.6-5.8L62.9.8c-1.6-.8-3.4-1-5.1-.5-1.7.5-3.1 1.6-4 3.1-.9 1.5-1.2 3.3-.9 5 .3 1.7 1.3 3.2 2.7 4.3l13.6 8.1L57 27.4v.1l-1.8 1c-.9.4-1.6 1-2.3 1.7-.6.7-1.1 1.5-1.4 2.4-.3.9-.4 1.9-.3 2.8.1.9.4 1.9.8 2.7.5.8 1.1 1.6 1.8 2.2.8.6 1.6 1 2.5 1.2.9.2 1.9.3 2.8.1.9-.2 1.8-.5 2.7-1l13.9-7.7-.7 14.3c.1 1.7.8 3.4 2.1 4.6 1.3 1.2 2.9 1.9 4.7 2 1.7 0 3.4-.6 4.8-1.7 1.4-1.2 2.2-2.8 2.4-4.5z\"\/><\/svg><\/span>\n\t\t\n\t\t\t<h3>Cr\u00e9er des opportunit\u00e9s et une communaut\u00e9 accueillante<\/h3>\n\t\t\t\n\t\t\t<p>Pour offrir une fondation pour faire face aux probl\u00e8mes locaux et mondiaux, nous devons b\u00e2tir notre communaut\u00e9 \u00e0 l\u2019aide de personnes qui ont des perspectives et des exp\u00e9riences diverses.<\/p>\n\t\t\t\t\t\n\t\t<\/div>\n\t\t\n\t\t<div class=\"large-cta-button-column\">\n\t\t\t\t\n\t\t\t<a class=\"sap-button\" href=\"creer-des-opportunites-et-une-communaute-accueillante\/\">Lire la suite<\/a>\n\t\t\t\n\t\t<\/div>\n\t\t\n\t<\/div>\t\n\t\t\n<\/div>\n\n<div class=\"wp-block-acf-sap-large-cta sap-block-large-cta fade-in acf-block \">\n\n\t<div class=\"large-cta-row\">\n\t\t\n\t\t<div class=\"large-cta-content-column\">\n\t\t\t\n\t\t\t<span class=\"icon\"><svg version=\"1.1\" id=\"Layer_1\" xmlns=\"http:\/\/www.w3.org\/2000\/svg\" x=\"0\" y=\"0\" viewBox=\"0 0 91 91\" xml:space=\"preserve\"><style>.st0{fill:#c33}<\/style><path class=\"st0\" d=\"M18.4 39.2H6.6c-1.7 0-3.4.7-4.6 1.8-1.3 1.3-2 2.8-2 4.5s.7 3.2 1.9 4.4c1.2 1.2 2.9 1.8 4.6 1.8h11.9c1.7 0 3.4-.7 4.6-1.8 1.2-1.2 1.9-2.8 1.9-4.4s-.7-3.2-1.9-4.4a6.42 6.42 0 0 0-4.6-1.9zM84.4 39.2H72.6c-1.7 0-3.4.7-4.6 1.8-1.2 1.2-1.9 2.8-1.9 4.4s.7 3.2 1.9 4.4c1.2 1.2 2.9 1.8 4.6 1.8h11.9c1.7 0 3.4-.7 4.6-1.8 1.2-1.2 1.9-2.8 1.9-4.4s-.7-3.2-1.9-4.4c-1.3-1.1-2.9-1.8-4.7-1.8zM51.7 18.4V6.6c0-1.7-.7-3.4-1.8-4.6-1.2-1.3-2.7-2-4.4-2s-3.2.7-4.4 1.9c-1.2 1.2-1.8 2.9-1.8 4.6v11.9c0 1.7.7 3.4 1.8 4.6 1.2 1.2 2.8 1.9 4.4 1.9s3.2-.7 4.4-1.9c1.2-1.2 1.8-2.8 1.8-4.6zM51.7 84.5V72.6c0-1.7-.7-3.4-1.8-4.6-1.2-1.2-2.8-1.9-4.4-1.9s-3.2.7-4.4 1.9c-1.2 1.2-1.8 2.9-1.8 4.6v11.9c0 1.7.7 3.4 1.8 4.6 1.2 1.2 2.8 1.9 4.4 1.9s3.2-.7 4.4-1.9c1.2-1.2 1.8-2.9 1.8-4.6zM39.1 60.4c1.3-1.4 1.9-3.1 1.9-4.9 0-1.8-.7-3.5-1.9-4.8-1.2-1.3-2.9-2-4.6-2-1.7 0-3.4.7-4.6 1.9l-.1.1-17.2 17.9c-1.2 1.3-1.9 3-1.9 4.8 0 1.8.7 3.5 1.9 4.8 1.2 1.3 2.9 2 4.6 2 1.7 0 3.4-.7 4.6-2l17.3-17.8zM78.2 22c.7-.7 1.2-1.4 1.6-2.2.3-.8.5-1.7.5-2.5s-.2-1.7-.5-2.5-.8-1.5-1.5-2.1c-.6-.6-1.4-1.1-2.2-1.4-.8-.3-1.7-.5-2.6-.5-.9 0-1.8.2-2.6.5s-1.6.8-2.2 1.4l-.1.1-17.8 17.1c-1.3 1.2-2 2.9-2 4.6s.7 3.4 2 4.6c1.3 1.2 3 1.9 4.8 1.9s3.5-.7 4.8-1.9L78.2 22z\"\/><path class=\"st0\" d=\"M51.7 18.4V6.6c0-1.7-.7-3.4-1.8-4.6-1.2-1.3-2.7-2-4.4-2s-3.2.7-4.4 1.9c-1.2 1.2-1.8 2.9-1.8 4.6v11.9c0 1.7.7 3.4 1.8 4.6 1.2 1.2 2.8 1.9 4.4 1.9s3.2-.7 4.4-1.9c1.2-1.2 1.8-2.8 1.8-4.6zM51.7 84.5V72.6c0-1.7-.7-3.4-1.8-4.6-1.2-1.2-2.8-1.9-4.4-1.9s-3.2.7-4.4 1.9c-1.2 1.2-1.8 2.9-1.8 4.6v11.9c0 1.7.7 3.4 1.8 4.6 1.2 1.2 2.8 1.9 4.4 1.9s3.2-.7 4.4-1.9c1.2-1.2 1.8-2.9 1.8-4.6zM29.7 39c1.3 1.3 3 2 4.7 2 1.7 0 3.4-.7 4.6-1.9 1.2-1.2 1.9-2.9 1.9-4.7s-.7-3.4-1.9-4.7L21.8 12.6c-1.2-1.2-2.9-1.9-4.6-1.8-1.7 0-3.4.7-4.6 1.9-1.2 1.2-1.9 2.9-1.9 4.6 0 1.7.6 3.4 1.8 4.6L29.7 39zM68.5 78.2c1.4 1.4 3.1 2.1 4.9 2.1 1.8 0 3.6-.7 4.8-2 1.3-1.3 2-3 2-4.8 0-1.8-.7-3.5-2-4.8l-.1-.1-17.8-18c-1.3-1.2-3-1.9-4.8-1.9-1.8 0-3.5.8-4.7 2-1.3 1.3-2 3-2 4.7 0 1.8.6 3.5 1.9 4.8l17.8 18z\"\/><\/svg><\/span>\n\t\t\n\t\t\t<h3>B\u00e2tir le succ\u00e8s \u00e0 travers les partenariats<\/h3>\n\t\t\t\n\t\t\t<p>Nous allons continuer de collaborer avec nos partenaires tout en partageant fi\u00e8rement et en c\u00e9l\u00e9brant nos succ\u00e8s communs.<\/p>\n\t\t\t\t\t\n\t\t<\/div>\n\t\t\n\t\t<div class=\"large-cta-button-column\">\n\t\t\t\t\n\t\t\t<a class=\"sap-button\" href=\"batir-le-succes-a-travers-les-partenariats\/\">Lire la suite<\/a>\n\t\t\t\n\t\t<\/div>\n\t\t\n\t<\/div>\t\n\t\t\n<\/div>","protected":false},"excerpt":{"rendered":"<p>Notre Programme acad\u00e9mique strat\u00e9gique est guid\u00e9 par quatre th\u00e8mes dans lesquels nous avons identifi\u00e9 les principales initiatives que nous visons \u00e0 atteindre d\u2019ici 2026. Puisqu\u2019elle est relativement jeune, notre \u00e9cole poss\u00e8de le d\u00e9sir, la d\u00e9termination et la flexibilit\u00e9 d\u2019offrir un environnement qui encourage les changements transformateurs en enseignement ainsi que les initiatives cr\u00e9atives de d\u00e9veloppement&#8230;<\/p>\n","protected":false},"author":246,"featured_media":0,"parent":0,"menu_order":0,"comment_status":"closed","ping_status":"closed","template":"","meta":{"_relevanssi_hide_post":"","_relevanssi_hide_content":"","_relevanssi_pin_for_all":"","_relevanssi_pin_keywords":"","_relevanssi_unpin_keywords":"","_relevanssi_related_keywords":"","_relevanssi_related_include_ids":"","_relevanssi_related_exclude_ids":"","_relevanssi_related_no_append":"","_relevanssi_related_not_related":"","_relevanssi_related_posts":"","_relevanssi_noindex_reason":"","_monsterinsights_skip_tracking":false,"_monsterinsights_sitenote_active":false,"_monsterinsights_sitenote_note":"","_monsterinsights_sitenote_category":0,"footnotes":""},"categories":[3],"tags":[],"class_list":["post-706","page","type-page","status-publish","hentry","category-non-classifiee"],"acf":[],"aioseo_notices":[],"yoast_head":"<!-- This site is optimized with the Yoast SEO plugin v26.9 - https:\/\/yoast.com\/product\/yoast-seo-wordpress\/ -->\n<title>Th\u00e8mes - Strategic Academic Plan<\/title>\n<meta name=\"robots\" content=\"index, follow, max-snippet:-1, max-image-preview:large, max-video-preview:-1\" \/>\n<link rel=\"canonical\" href=\"https:\/\/lassonde.yorku.ca\/sap\/fr\/themes\/\" \/>\n<meta property=\"og:locale\" content=\"fr_FR\" \/>\n<meta property=\"og:type\" content=\"article\" \/>\n<meta property=\"og:title\" content=\"Th\u00e8mes - Strategic Academic Plan\" \/>\n<meta property=\"og:description\" content=\"Notre Programme acad\u00e9mique strat\u00e9gique est guid\u00e9 par quatre th\u00e8mes dans lesquels nous avons identifi\u00e9 les principales initiatives que nous visons \u00e0 atteindre d\u2019ici 2026. Puisqu\u2019elle est relativement jeune, notre \u00e9cole poss\u00e8de le d\u00e9sir, la d\u00e9termination et la flexibilit\u00e9 d\u2019offrir un environnement qui encourage les changements transformateurs en enseignement ainsi que les initiatives cr\u00e9atives de d\u00e9veloppement...\" \/>\n<meta property=\"og:url\" content=\"https:\/\/lassonde.yorku.ca\/sap\/fr\/themes\/\" \/>\n<meta property=\"og:site_name\" content=\"Strategic Academic Plan\" \/>\n<meta property=\"article:modified_time\" content=\"2022-08-29T08:19:38+00:00\" \/>\n<meta name=\"twitter:card\" content=\"summary_large_image\" \/>\n<meta name=\"twitter:label1\" content=\"Est. reading time\" \/>\n\t<meta name=\"twitter:data1\" content=\"1 minute\" \/>\n<script type=\"application\/ld+json\" class=\"yoast-schema-graph\">{\"@context\":\"https:\/\/schema.org\",\"@graph\":[{\"@type\":\"WebPage\",\"@id\":\"https:\/\/lassonde.yorku.ca\/sap\/fr\/themes\/\",\"url\":\"https:\/\/lassonde.yorku.ca\/sap\/fr\/themes\/\",\"name\":\"Th\u00e8mes - Strategic Academic Plan\",\"isPartOf\":{\"@id\":\"https:\/\/lassonde.yorku.ca\/sap\/#website\"},\"datePublished\":\"2022-04-12T06:35:01+00:00\",\"dateModified\":\"2022-08-29T08:19:38+00:00\",\"breadcrumb\":{\"@id\":\"https:\/\/lassonde.yorku.ca\/sap\/fr\/themes\/#breadcrumb\"},\"inLanguage\":\"fr-FR\",\"potentialAction\":[{\"@type\":\"ReadAction\",\"target\":[\"https:\/\/lassonde.yorku.ca\/sap\/fr\/themes\/\"]}]},{\"@type\":\"BreadcrumbList\",\"@id\":\"https:\/\/lassonde.yorku.ca\/sap\/fr\/themes\/#breadcrumb\",\"itemListElement\":[{\"@type\":\"ListItem\",\"position\":1,\"name\":\"Home\",\"item\":\"https:\/\/lassonde.yorku.ca\/sap\/fr\/\"},{\"@type\":\"ListItem\",\"position\":2,\"name\":\"Th\u00e8mes\"}]},{\"@type\":\"WebSite\",\"@id\":\"https:\/\/lassonde.yorku.ca\/sap\/#website\",\"url\":\"https:\/\/lassonde.yorku.ca\/sap\/\",\"name\":\"Strategic Academic Plan\",\"description\":\"Strategic Academic Plan\",\"potentialAction\":[{\"@type\":\"SearchAction\",\"target\":{\"@type\":\"EntryPoint\",\"urlTemplate\":\"https:\/\/lassonde.yorku.ca\/sap\/?s={search_term_string}\"},\"query-input\":{\"@type\":\"PropertyValueSpecification\",\"valueRequired\":true,\"valueName\":\"search_term_string\"}}],\"inLanguage\":\"fr-FR\"}]}<\/script>\n<!-- \/ Yoast SEO plugin. -->","yoast_head_json":{"title":"Th\u00e8mes - Strategic Academic Plan","robots":{"index":"index","follow":"follow","max-snippet":"max-snippet:-1","max-image-preview":"max-image-preview:large","max-video-preview":"max-video-preview:-1"},"canonical":"https:\/\/lassonde.yorku.ca\/sap\/fr\/themes\/","og_locale":"fr_FR","og_type":"article","og_title":"Th\u00e8mes - Strategic Academic Plan","og_description":"Notre Programme acad\u00e9mique strat\u00e9gique est guid\u00e9 par quatre th\u00e8mes dans lesquels nous avons identifi\u00e9 les principales initiatives que nous visons \u00e0 atteindre d\u2019ici 2026. Puisqu\u2019elle est relativement jeune, notre \u00e9cole poss\u00e8de le d\u00e9sir, la d\u00e9termination et la flexibilit\u00e9 d\u2019offrir un environnement qui encourage les changements transformateurs en enseignement ainsi que les initiatives cr\u00e9atives de d\u00e9veloppement...","og_url":"https:\/\/lassonde.yorku.ca\/sap\/fr\/themes\/","og_site_name":"Strategic Academic Plan","article_modified_time":"2022-08-29T08:19:38+00:00","twitter_card":"summary_large_image","twitter_misc":{"Est. reading time":"1 minute"},"schema":{"@context":"https:\/\/schema.org","@graph":[{"@type":"WebPage","@id":"https:\/\/lassonde.yorku.ca\/sap\/fr\/themes\/","url":"https:\/\/lassonde.yorku.ca\/sap\/fr\/themes\/","name":"Th\u00e8mes - Strategic Academic Plan","isPartOf":{"@id":"https:\/\/lassonde.yorku.ca\/sap\/#website"},"datePublished":"2022-04-12T06:35:01+00:00","dateModified":"2022-08-29T08:19:38+00:00","breadcrumb":{"@id":"https:\/\/lassonde.yorku.ca\/sap\/fr\/themes\/#breadcrumb"},"inLanguage":"fr-FR","potentialAction":[{"@type":"ReadAction","target":["https:\/\/lassonde.yorku.ca\/sap\/fr\/themes\/"]}]},{"@type":"BreadcrumbList","@id":"https:\/\/lassonde.yorku.ca\/sap\/fr\/themes\/#breadcrumb","itemListElement":[{"@type":"ListItem","position":1,"name":"Home","item":"https:\/\/lassonde.yorku.ca\/sap\/fr\/"},{"@type":"ListItem","position":2,"name":"Th\u00e8mes"}]},{"@type":"WebSite","@id":"https:\/\/lassonde.yorku.ca\/sap\/#website","url":"https:\/\/lassonde.yorku.ca\/sap\/","name":"Strategic Academic Plan","description":"Strategic Academic Plan","potentialAction":[{"@type":"SearchAction","target":{"@type":"EntryPoint","urlTemplate":"https:\/\/lassonde.yorku.ca\/sap\/?s={search_term_string}"},"query-input":{"@type":"PropertyValueSpecification","valueRequired":true,"valueName":"search_term_string"}}],"inLanguage":"fr-FR"}]}},"_links":{"self":[{"href":"https:\/\/lassonde.yorku.ca\/sap\/fr\/wp-json\/wp\/v2\/pages\/706","targetHints":{"allow":["GET"]}}],"collection":[{"href":"https:\/\/lassonde.yorku.ca\/sap\/fr\/wp-json\/wp\/v2\/pages"}],"about":[{"href":"https:\/\/lassonde.yorku.ca\/sap\/fr\/wp-json\/wp\/v2\/types\/page"}],"author":[{"embeddable":true,"href":"https:\/\/lassonde.yorku.ca\/sap\/fr\/wp-json\/wp\/v2\/users\/246"}],"replies":[{"embeddable":true,"href":"https:\/\/lassonde.yorku.ca\/sap\/fr\/wp-json\/wp\/v2\/comments?post=706"}],"version-history":[{"count":5,"href":"https:\/\/lassonde.yorku.ca\/sap\/fr\/wp-json\/wp\/v2\/pages\/706\/revisions"}],"predecessor-version":[{"id":715,"href":"https:\/\/lassonde.yorku.ca\/sap\/fr\/wp-json\/wp\/v2\/pages\/706\/revisions\/715"}],"wp:attachment":[{"href":"https:\/\/lassonde.yorku.ca\/sap\/fr\/wp-json\/wp\/v2\/media?parent=706"}],"wp:term":[{"taxonomy":"category","embeddable":true,"href":"https:\/\/lassonde.yorku.ca\/sap\/fr\/wp-json\/wp\/v2\/categories?post=706"},{"taxonomy":"post_tag","embeddable":true,"href":"https:\/\/lassonde.yorku.ca\/sap\/fr\/wp-json\/wp\/v2\/tags?post=706"}],"curies":[{"name":"wp","href":"https:\/\/api.w.org\/{rel}","templated":true}]}}