{"id":1068,"date":"2022-07-11T16:25:15","date_gmt":"2022-07-11T16:25:15","guid":{"rendered":"https:\/\/lassonde.yorku.ca\/tabes\/?page_id=1068"},"modified":"2024-02-15T17:24:11","modified_gmt":"2024-02-15T17:24:11","slug":"master-students","status":"publish","type":"page","link":"https:\/\/lassonde.yorku.ca\/tabes\/master-students\/","title":{"rendered":"Master Students"},"content":{"rendered":"\n<div style=\"height:25px\" aria-hidden=\"true\" class=\"wp-block-spacer\"><\/div>\n\n\n\n<div class=\"wp-block-columns are-vertically-aligned-center is-layout-flex wp-container-core-columns-is-layout-9d6595d7 wp-block-columns-is-layout-flex\">\n<div class=\"wp-block-column is-vertically-aligned-center is-layout-flow wp-block-column-is-layout-flow\" style=\"flex-basis:33.33%\"><div class=\"wp-block-image is-style-rounded\">\n<figure class=\"aligncenter size-medium\"><img loading=\"lazy\" decoding=\"async\" width=\"277\" height=\"300\" src=\"https:\/\/lassonde.yorku.ca\/tabes\/wp-content\/uploads\/sites\/9\/2024\/02\/photo-2-277x300.jpg\" alt=\"\" class=\"wp-image-1687\" srcset=\"https:\/\/lassonde.yorku.ca\/tabes\/wp-content\/uploads\/sites\/9\/2024\/02\/photo-2-277x300.jpg 277w, https:\/\/lassonde.yorku.ca\/tabes\/wp-content\/uploads\/sites\/9\/2024\/02\/photo-2.jpg 319w\" sizes=\"auto, (max-width: 277px) 100vw, 277px\" \/><\/figure>\n<\/div><\/div>\n\n\n\n<div class=\"wp-block-column is-vertically-aligned-center is-layout-flow wp-block-column-is-layout-flow\" style=\"flex-basis:66.66%\">\n<h3 class=\"wp-block-heading\"><strong>Atif Ali Khan<\/strong><\/h3>\n\n\n\n<p><strong>York University<\/strong><\/p>\n\n\n\n<p>Supervisor: Prof. Ahmed Eldyasti<\/p>\n\n\n\n<p><strong>Brief biography<\/strong><\/p>\n\n\n\n<p style=\"font-size:0.9rem\">My name is Atif Ali Khan, and I graduated from secondary school in 2015 at St. Fidelis School, where I also started my studies. I pursued and successfully obtained a diploma in civil engineering in 2019 since I have a strong enthusiasm for the subject. I enrolled in Zakir Husain College of Engineering &amp; Technology, AMU, eager to continue my academic goals, and I graduate in May 2023 from the undergraduate civil engineering program. Throughout my academic experience, I developed my proficiency with a variety of software programs, such as Microsoft Office and HTML. My comprehension of the field was improved by participating in internships, which gave me priceless practical experience.My capstone project, &#8220;Automated Design of a Sewage Treatment Plant Based on Population Input Using Excel Software,&#8221; which showcased my technical proficiency and creative problem-solving skills, was the culmination of my senior year. My experience is a perfect example of how committed I am to both improving the discipline of civil engineering and achieving academic achievement.<\/p>\n<\/div>\n<\/div>\n\n\n\n<div style=\"height:25px\" aria-hidden=\"true\" class=\"wp-block-spacer\"><\/div>\n\n\n\n<div class=\"wp-block-columns are-vertically-aligned-center is-layout-flex wp-container-core-columns-is-layout-9d6595d7 wp-block-columns-is-layout-flex\">\n<div class=\"wp-block-column is-vertically-aligned-center is-layout-flow wp-block-column-is-layout-flow\" style=\"flex-basis:33.33%\"><div class=\"wp-block-image is-style-rounded\">\n<figure class=\"aligncenter size-medium\"><img loading=\"lazy\" decoding=\"async\" width=\"300\" height=\"300\" src=\"https:\/\/lassonde.yorku.ca\/tabes\/wp-content\/uploads\/sites\/9\/2022\/09\/Hernandez-Ospina-Diego-edited-300x300.jpg\" alt=\"Diego Alejandro Hernandez Ospina\" class=\"wp-image-1200\" srcset=\"https:\/\/lassonde.yorku.ca\/tabes\/wp-content\/uploads\/sites\/9\/2022\/09\/Hernandez-Ospina-Diego-edited-300x300.jpg 300w, https:\/\/lassonde.yorku.ca\/tabes\/wp-content\/uploads\/sites\/9\/2022\/09\/Hernandez-Ospina-Diego-edited-150x150.jpg 150w, https:\/\/lassonde.yorku.ca\/tabes\/wp-content\/uploads\/sites\/9\/2022\/09\/Hernandez-Ospina-Diego-edited-768x768.jpg 768w, https:\/\/lassonde.yorku.ca\/tabes\/wp-content\/uploads\/sites\/9\/2022\/09\/Hernandez-Ospina-Diego-edited-600x600.jpg 600w, https:\/\/lassonde.yorku.ca\/tabes\/wp-content\/uploads\/sites\/9\/2022\/09\/Hernandez-Ospina-Diego-edited-125x125.jpg 125w, https:\/\/lassonde.yorku.ca\/tabes\/wp-content\/uploads\/sites\/9\/2022\/09\/Hernandez-Ospina-Diego-edited.jpg 780w\" sizes=\"auto, (max-width: 300px) 100vw, 300px\" \/><\/figure>\n<\/div><\/div>\n\n\n\n<div class=\"wp-block-column is-vertically-aligned-center is-layout-flow wp-block-column-is-layout-flow\" style=\"flex-basis:66.66%\">\n<h3 class=\"wp-block-heading\"><strong>Diego Alejandro Hern\u00e1ndez Ospina<\/strong><\/h3>\n\n\n\n<p><strong>York University<\/strong><\/p>\n\n\n\n<p>Supervisor: Prof. Satinder Kaur Brar<\/p>\n\n\n\n<p><strong>Brief biography<\/strong><\/p>\n\n\n\n<p style=\"font-size:0.9rem\">I am a Chemical Engineer graduate from the Universidad Nacional de Colombia (UNAL) and recipient of the Best Saber Pro\u2019s List 2020 for the undergraduate government exam in Colombia. Moreover, I have participated in research projects on new biotechnological processes adding value to products through the bioconversion of agro-industrial subproducts. Currently, I am an international student at the Lassonde School of Engineering in the program of Master of Applied Sciences in Civil and Environmental Engineering. As a York University researcher, I can focus on my mission of building a greener future, integrating environmental technologies oriented to achieve sustainable development goals such as offering clean water and better sanitation to communities. Together industries and academia can move towards a more balanced interaction between ecosystems and human activities, especially to prevent toxic chemicals that pose a risk to human and wildlife health from being released into the environment.&nbsp;&nbsp;<\/p>\n<\/div>\n<\/div>\n\n\n\n<div style=\"height:25px\" aria-hidden=\"true\" class=\"wp-block-spacer\"><\/div>\n\n\n\n<div class=\"wp-block-columns are-vertically-aligned-center is-layout-flex wp-container-core-columns-is-layout-9d6595d7 wp-block-columns-is-layout-flex\">\n<div class=\"wp-block-column is-vertically-aligned-center is-layout-flow wp-block-column-is-layout-flow\" style=\"flex-basis:33.33%\"><div class=\"wp-block-image is-style-rounded\">\n<figure class=\"aligncenter size-medium\"><img loading=\"lazy\" decoding=\"async\" width=\"300\" height=\"300\" src=\"https:\/\/lassonde.yorku.ca\/tabes\/wp-content\/uploads\/sites\/9\/2023\/02\/Mohamed-Yassine-Elloumi-300x300.jpg\" alt=\"Elloumi Mohamed Yassine\" class=\"wp-image-1308\" srcset=\"https:\/\/lassonde.yorku.ca\/tabes\/wp-content\/uploads\/sites\/9\/2023\/02\/Mohamed-Yassine-Elloumi-300x300.jpg 300w, https:\/\/lassonde.yorku.ca\/tabes\/wp-content\/uploads\/sites\/9\/2023\/02\/Mohamed-Yassine-Elloumi-150x150.jpg 150w, https:\/\/lassonde.yorku.ca\/tabes\/wp-content\/uploads\/sites\/9\/2023\/02\/Mohamed-Yassine-Elloumi-125x125.jpg 125w, https:\/\/lassonde.yorku.ca\/tabes\/wp-content\/uploads\/sites\/9\/2023\/02\/Mohamed-Yassine-Elloumi.jpg 403w\" sizes=\"auto, (max-width: 300px) 100vw, 300px\" \/><\/figure>\n<\/div><\/div>\n\n\n\n<div class=\"wp-block-column is-vertically-aligned-center is-layout-flow wp-block-column-is-layout-flow\" style=\"flex-basis:66.66%\">\n<h3 class=\"wp-block-heading\"><strong>Elloumi Mohamed Yassine<\/strong><\/h3>\n\n\n\n<p><strong>Universit\u00e9 du Qu\u00e9bec en Abitibi-T\u00e9miscamingue (UQAT)<\/strong><\/p>\n\n\n\n<p>Supervisor: Prof. Ahmed Koubaa&nbsp;<\/p>\n\n\n\n<p><strong>Brief biography<\/strong><\/p>\n\n\n\n<p style=\"font-size:0.9rem\">I hold a BS degree in electromechanical engineering at the National School of Engineers of Sfax (ENIS), Tunisia. I developed skills knowledge in Materials Science, particularly in biocomposites processing. My master studies deal with the I developed a process to produce a biocomposite filament by extrusion filaments of 3D printing. My MS studies investigates the long-term mechanical performance of biocomposites through creep, fatigue, and relaxation tests.&nbsp;<\/p>\n<\/div>\n<\/div>\n\n\n\n<div style=\"height:25px\" aria-hidden=\"true\" class=\"wp-block-spacer\"><\/div>\n\n\n\n<div class=\"wp-block-columns are-vertically-aligned-center is-layout-flex wp-container-core-columns-is-layout-9d6595d7 wp-block-columns-is-layout-flex\">\n<div class=\"wp-block-column is-vertically-aligned-center is-layout-flow wp-block-column-is-layout-flow\" style=\"flex-basis:33.33%\"><div class=\"wp-block-image is-style-rounded\">\n<figure class=\"aligncenter size-medium\"><img loading=\"lazy\" decoding=\"async\" width=\"300\" height=\"300\" src=\"https:\/\/lassonde.yorku.ca\/tabes\/wp-content\/uploads\/sites\/9\/2023\/02\/thumbnail_Bava_Julia_2023_Headshot-1-300x300.png\" alt=\"Julia Bava\" class=\"wp-image-1305\" srcset=\"https:\/\/lassonde.yorku.ca\/tabes\/wp-content\/uploads\/sites\/9\/2023\/02\/thumbnail_Bava_Julia_2023_Headshot-1-300x300.png 300w, https:\/\/lassonde.yorku.ca\/tabes\/wp-content\/uploads\/sites\/9\/2023\/02\/thumbnail_Bava_Julia_2023_Headshot-1-150x150.png 150w, https:\/\/lassonde.yorku.ca\/tabes\/wp-content\/uploads\/sites\/9\/2023\/02\/thumbnail_Bava_Julia_2023_Headshot-1-125x125.png 125w, https:\/\/lassonde.yorku.ca\/tabes\/wp-content\/uploads\/sites\/9\/2023\/02\/thumbnail_Bava_Julia_2023_Headshot-1.png 481w\" sizes=\"auto, (max-width: 300px) 100vw, 300px\" \/><\/figure>\n<\/div><\/div>\n\n\n\n<div class=\"wp-block-column is-vertically-aligned-center is-layout-flow wp-block-column-is-layout-flow\" style=\"flex-basis:66.66%\">\n<h3 class=\"wp-block-heading\"><strong><strong><strong>Julia Bava<\/strong><\/strong><\/strong><\/h3>\n\n\n\n<p><strong>York University<\/strong><\/p>\n\n\n\n<p>Supervisor: Prof. Dawn Bazely<\/p>\n\n\n\n<p><strong>Brief biography<\/strong><\/p>\n\n\n\n<p style=\"font-size:0.9rem\">Julia is a graduate of the Honours Biology program at York University where she is currently completing her MSc in the Department of Biology.&nbsp;<\/p>\n\n\n\n<p style=\"font-size:0.9rem\">Julia\u2019s project focuses on exploring sustainable financial mechanisms for waste management issues in rural southwestern Ontario. She will investigate how Nature-Based solutions that use Indigenous Biodiversity can be implemented in rural areas using the novel financial tool, the Conservation Impact Bond, which incentivizes habitat restoration.&nbsp;<\/p>\n\n\n\n<p style=\"font-size:0.9rem\">This will include surveys to identify ecological blind spots, knowledge gaps and areas for the development of new kinds of Bonds, including their relevance to some of the existing TABES research projects. Julia aims to show the value of biodiversity along with its connection to the circular economy and climate change finance. Through this, Julia will provide industry with an ecological perspective, rooted in sustainability.&nbsp;<\/p>\n<\/div>\n<\/div>\n\n\n\n<div style=\"height:25px\" aria-hidden=\"true\" class=\"wp-block-spacer\"><\/div>\n","protected":false},"excerpt":{"rendered":"<p>Atif Ali Khan York University Supervisor: Prof. Ahmed Eldyasti Brief biography My name is Atif Ali Khan, and I graduated from secondary school in 2015 at St. Fidelis School, where I also started my studies. I pursued and successfully obtained a diploma in civil engineering in 2019 since I have a strong enthusiasm for the&#8230;<\/p>\n","protected":false},"author":171,"featured_media":0,"parent":0,"menu_order":0,"comment_status":"closed","ping_status":"closed","template":"","meta":{"_monsterinsights_skip_tracking":false,"_monsterinsights_sitenote_active":false,"_monsterinsights_sitenote_note":"","_monsterinsights_sitenote_category":0,"footnotes":""},"categories":[],"tags":[],"class_list":["post-1068","page","type-page","status-publish","hentry"],"aioseo_notices":[],"publishpress_future_action":{"enabled":false,"date":"2026-04-29 23:10:14","action":"change-status","newStatus":"draft","terms":[],"taxonomy":"category","extraData":[]},"publishpress_future_workflow_manual_trigger":{"enabledWorkflows":[]},"_links":{"self":[{"href":"https:\/\/lassonde.yorku.ca\/tabes\/wp-json\/wp\/v2\/pages\/1068","targetHints":{"allow":["GET"]}}],"collection":[{"href":"https:\/\/lassonde.yorku.ca\/tabes\/wp-json\/wp\/v2\/pages"}],"about":[{"href":"https:\/\/lassonde.yorku.ca\/tabes\/wp-json\/wp\/v2\/types\/page"}],"author":[{"embeddable":true,"href":"https:\/\/lassonde.yorku.ca\/tabes\/wp-json\/wp\/v2\/users\/171"}],"replies":[{"embeddable":true,"href":"https:\/\/lassonde.yorku.ca\/tabes\/wp-json\/wp\/v2\/comments?post=1068"}],"version-history":[{"count":14,"href":"https:\/\/lassonde.yorku.ca\/tabes\/wp-json\/wp\/v2\/pages\/1068\/revisions"}],"predecessor-version":[{"id":1688,"href":"https:\/\/lassonde.yorku.ca\/tabes\/wp-json\/wp\/v2\/pages\/1068\/revisions\/1688"}],"wp:attachment":[{"href":"https:\/\/lassonde.yorku.ca\/tabes\/wp-json\/wp\/v2\/media?parent=1068"}],"wp:term":[{"taxonomy":"category","embeddable":true,"href":"https:\/\/lassonde.yorku.ca\/tabes\/wp-json\/wp\/v2\/categories?post=1068"},{"taxonomy":"post_tag","embeddable":true,"href":"https:\/\/lassonde.yorku.ca\/tabes\/wp-json\/wp\/v2\/tags?post=1068"}],"curies":[{"name":"wp","href":"https:\/\/api.w.org\/{rel}","templated":true}]}}