{"id":1875,"date":"2025-03-28T17:44:19","date_gmt":"2025-03-28T17:44:19","guid":{"rendered":"https:\/\/lassonde.yorku.ca\/tabes\/?page_id=1875"},"modified":"2025-03-29T14:28:55","modified_gmt":"2025-03-29T14:28:55","slug":"research-articles","status":"publish","type":"page","link":"https:\/\/lassonde.yorku.ca\/tabes\/research-articles\/","title":{"rendered":"Research Publications"},"content":{"rendered":"\n<div style=\"height:37px\" aria-hidden=\"true\" class=\"wp-block-spacer\"><\/div>\n\n\n\n<h2 class=\"wp-block-heading\">Research Articles<\/h2>\n\n\n\n<div style=\"height:37px\" aria-hidden=\"true\" class=\"wp-block-spacer\"><\/div>\n\n\n\n<ul class=\"wp-block-list\">\n<li>Atmakuri, A., Yadav, B., Tiwari, B. et al. Nature\u2019s architects: a comprehensive review of extracellular polymeric substances and their diverse applications. Waste Dispos. Sustain. Energy (2024).&nbsp;<a href=\"https:\/\/doi-org.erable.inrs.ca:2048\/10.1007\/s42768-024-00205-2\">https:\/\/doi-org.erable.inrs.ca:2048\/10.1007\/s42768-024-00205-2<\/a>.<\/li>\n\n\n\n<li>Bhoomika Yadav, Anusha Atmakuri, Rajeshwar D. Tyagi, Patrick Drogui, Jonathan W.C. Wong. \u201cSustainable, Decentralized Sanitation and Reuse Using Hybrid Systems\u201d. In Decentralized Sanitation and Water Treatment, 1st Edition, 16 pages, CRC Press, 2024.<\/li>\n\n\n\n<li>Bhoomika Yadav, Shraddha Chavan, Anusha Atmakuri, R.D. Tyagi, Patrick Drogui, Chapter 3 &#8211; Environmental effects of microplastics and nanoplastics exposure, Editor(s): R.D. Tyagi, Ashok Pandey, Patrick Drogui, Bhoomika Yadav, Sridhar Pilli, Current Developments in Biotechnology and Bioengineering, Elsevier, 2023, Pages 59-78, ISBN 9780323999083,&nbsp;<a href=\"https:\/\/doi.org\/10.1016\/B978-0-323-99908-3.00008-7\">https:\/\/doi.org\/10.1016\/B978-0-323-99908-3.00008-7<\/a>.<\/li>\n\n\n\n<li>Gaurav Bharadwaj, Lachi Wankhede, Rahul Saini, Carlos S. Osorio-Gonzalez, and Satinder Kaur Brar. Chapter 14: Currently and future legislation in Drop in biofuel production. Book: The Microbiology of the Drop-in Biofuel Production (Eds: Satinder Kaur Brar, Carlos Riccardo Soccol, Carlos Saul Osorio Gonzalez, and Rahul Saini). Springer Nature.&nbsp;<\/li>\n\n\n\n<li>Hasaneen N., et al. Akhtarian Sh., Pulicharla R., Rezai P., Brar S.K. (2023). Surface Molecularly Imprinted Polymer-Based Sensors for Antibiotic Detection. Trends in Analytical Chemistry (TrAC).<\/li>\n\n\n\n<li>Hasaneen N., Khurana P., Pulicharla R., Rezai P., Brar S.K. (2023). Nanomaterial-based sensors for Macrolide sensing. In: Springer Book \u201cNanoscale matter and principles for sensing and labeling applications\u201d.&nbsp;<\/li>\n\n\n\n<li>Lachi Wankhede, Carlos S. Osorio-Gonzalez, Rahul Saini, and Satinder Kaur Brar (2024). Enhanced Laboratory Adaptation to ameliorate xylose consumption in R. toruloides-1588. Bioresource Technology.&nbsp;<\/li>\n\n\n\n<li>Lachi Wankhede, Gaurav Bharadwaj, Rahul Saini, Carlos S. Osorio-Gonzalez, and Satinder Kaur Brar. Chapter 12: Recent Advances in Genetic and Metabolic Engineering for Drop-In Biofuel Production. Book: The Microbiology of the Drop-in Biofuel Production (Eds: Satinder Kaur Brar, Carlos Riccardo Soccol, Carlos Saul Osorio Gonzalez, and Rahul Saini). Springer Nature.&nbsp;<\/li>\n\n\n\n<li>Lachi Wankhede, Gaurav Bhardwaj, Gilberto Vin\u00edcius de Melo Pereira, Carlos Ricardo Soccol and Satinder Kaur Brar (2024). Raw Material Selection for Sustainable Fermentation-Derived Alternative Protein Production: A Review. System Microbiology and Biomanufacturing.&nbsp;<\/li>\n\n\n\n<li>Lachi Wankhede, Gaurav Bhardwaj, Rahul Saini, Carlos S. Osorio-Gonzalez, and Satinder Kaur Brar (2024). Technological modes and processes to enhance the Rhodosporidium toruloides based lipid accumulation. Microbiological Research.&nbsp;<\/li>\n\n\n\n<li>Morgan Lecoublet , et al.&nbsp;How Do 3D Printing Parameters Affect the Dielectric and Mechanical Performance of Polylactic Acid\u2013Cellulose Acetate Polymer Blends?&nbsp;<a href=\"https:\/\/doi.org\/10.3390\/jcs7120492\">https:\/\/doi.org\/10.3390\/jcs7120492<\/a>&nbsp;&nbsp;&nbsp;Dielectric performances of new 3D printed biobased materials. Submitted in Industrial crops and products<\/li>\n\n\n\n<li>Morgan&nbsp;Lecoublet,&nbsp;et al. Dielectric and rheological performances of cellulose acetate, polylactic acid and polyhydroxybutyrate-co-valerate biobased blends&nbsp;<a href=\"https:\/\/doi.org\/10.1016\/j.polymer.2023.126358\">https:\/\/doi.org\/10.1016\/j.polymer.2023.126358<\/a>&nbsp;&nbsp;&nbsp;<\/li>\n\n\n\n<li>Namourah, Z., Ribeiro, F., &amp; Sena-Cruz, J. (2021, December). Influence of the Manufacturing Process on the Tensile Stress-Strain Response of Hybrid Glass\/Carbon and Carbon\/Carbon Composites [Conference paper and book chapter]. In International Conference on Fibre-Reinforced Polymer (FRP) Composites in Civil Engineering (pp. 2423-2434). Springer, Cham.<\/li>\n\n\n\n<li>Reema Kumar, et al. Biohydrogen Production in Anaerobic Reactors. Biohydrogen Advances and Processes: Biofuel and Biorefinery Technologies. [In Press]<\/li>\n\n\n\n<li>Reema Kumar, et al. Molecular Hydrogen (H2) Metabolism in Microbes: A special focus on biohydogen production. Biohydrogen Advances and Processes: Biofuel and Biorefinery Technologies. [In Press]<\/li>\n\n\n\n<li>Reema Kumar, et al. Next-generation -omics approaches to drive carboxylate production by acidogenic fermentation of food waste: A Review. Bioengineered.&nbsp;<a href=\"https:\/\/doi.org\/10.1080\/21655979.2023.2180583\">https:\/\/doi.org\/10.1080\/21655979.2023.2180583<\/a><\/li>\n\n\n\n<li>Reema Kumar, Guneet Kaur, and Satinder Kaur Brar (2024). Meta-analysis of production of volatile fatty acids from waste streams: Towards creating decision support tools for process optimization. Water Environment Research.&nbsp;<\/li>\n\n\n\n<li>Reema Kumar, Guneet Kaur, and Satinder Kaur Brar (2024). Tailored production of butyric acid from mixed culture fermentation of food waste. Applied Microbiology and Biotechnology.&nbsp;<\/li>\n\n\n\n<li>Reema Kumar, Rahul Saini, Satinder Kaur Brar, and Guneet Kaur (2024). Biohydrogen production in anaerobic reactors. Biohydrogen &#8211; Advances and Processes. Biofuel and Biorefinery Technologies, vol 13. Springer, Cham&nbsp;<\/li>\n\n\n\n<li>Reema Kumar, Satinder Kaur, and Guneet Kaur (2024). Biohydrogen: Microbiology and microbial dynamics in dark fermentation. Biohydrogen &#8211; Advances and Processes. Biofuel and Biorefinery Technologies, vol 13. Springer, Cham&nbsp;<\/li>\n\n\n\n<li>Shraddha Chavan, Anusha Atmakuri, Sushil Kumar, Bhoomika Yadav, Rajeshwar D. Tyagi, Patrick Drogui, Jonathan W.C. Wong. \u201cIntroduction to Decentralized Treatment\u201d. In Decentralized Sanitation and Water Treatment, 1st Edition, 16 pages, CRC Press, 2024.<\/li>\n<\/ul>\n\n\n\n<div style=\"height:37px\" aria-hidden=\"true\" class=\"wp-block-spacer\"><\/div>\n\n\n\n<h2 class=\"wp-block-heading\">Conferences <\/h2>\n\n\n\n<div style=\"height:37px\" aria-hidden=\"true\" class=\"wp-block-spacer\"><\/div>\n\n\n\n<ul class=\"wp-block-list\">\n<li>Hasaneen N., Pulicharla R., Rezai P., Brar S.K. (2023). A proof of concept for antibiotics detection in water using molecularly imprinted polymer in microfluidic device. 58th Annual Central Canadian Symposium on Water Quality Research, March 21, 2023, York University, Toronto, Ontario, Canada. (Presentation)&nbsp;&nbsp;<\/li>\n\n\n\n<li>Hasaneen N., Pulicharla R., Rezai P., Brar S.K. (2023). Optical sensor for azithromycin detection in water samples. TECHNOSCAPE 2023, International Conference on Sustainable Technologies for Water and Wastewater Treatment, December 14-16, 2023, Vellore, India. (Presentation)&nbsp;&nbsp;<\/li>\n\n\n\n<li>Lachi Wankhede, Rahul Saini, Carlos Osorio-Gonzalez and Satinder Kaur Brar (2024). Unlocking Potential of Efficient Xylose Utilization in Rhodosporidium toruloides. July 7-10, 2024. Annual General Meeting of the Canadian Society for Bioengineering (CSBE\/SCGAB), University of Manitoba, Winnipeg, Canada.&nbsp;&nbsp;&nbsp;<\/li>\n\n\n\n<li>Lachi Wankhede, Rahul Saini, Carlos Osorio-Gonzalez and Satinder Kaur Brar. Unlocking Potential of Efficient Xylose Utilization in Rhodosporidium toruloides. April 29-30 (2024). NSERC CREATE Conference 2024, York University, North York, Canada.&nbsp;&nbsp;<\/li>\n\n\n\n<li>Lecoublet, M., Donfak, L., Ragoubi, M., Leblanc, N. &amp; Koubaa, A. Dielectric performances of new 3D printed biobased materials. Presented at 7th International Conference on Polymer Science and Composite Materials. Roma, IT&nbsp;&nbsp;<\/li>\n\n\n\n<li>Lecoublet, M., Ragoubi, M., Leblanc N.&amp; Koubaa, A. Dielectric analysis of 3D-printed cellulosic biocomposites for electrical insulation applications. Presented at 10th International Congress on Design and Modelling of Mechanical Systems. Hammamet, TN&nbsp;&nbsp;&nbsp;<\/li>\n\n\n\n<li>Lecoublet, M., Ragoubi, M., Leblanc, N. &amp; Koubaa, A. Applications des biopolym\u00e8res dans le domaine di\u00e9lectrique. Presented at 3e \u00e9dition du colloque annuel de la Chaire de recherche du Canada sur la valorisation, la caract\u00e9risation et la transformation du bois. La Sarre, CA.&nbsp;<\/li>\n\n\n\n<li>Lecoublet, M., Ragoubi, M., Leblanc, N. &amp; Koubaa, A. Dielectric performances of new 3D printed biobased materials. Presented at Euromagh 2023 &#8211; Biobased materials for a sustainable future. Marrakesh, MA.<\/li>\n\n\n\n<li>Lecoublet, M., Ragoubi, M., Leblanc, N. &amp; Koubaa, A. Performances di\u00e9lectriques des mat\u00e9riaux biosourc\u00e9s. Presented at ACFAS 2022, 210 &#8211; L\u2019industrie de la transformation du bois \u00e0 l\u2019heure de la transition \u00e9cologique et \u00e9nerg\u00e9tique. Rouyn-Noranda, CA.<\/li>\n\n\n\n<li>Namourah, Z., Koubaa, A., Sena-Cruz, J. &amp; Correia, L. (2022, July 26). Hygrothermal effects on adhesively bonded CFRP-to-concrete systems [PowerPoint presentation]. Centre de recherche sur les infrastructures en b\u00e9ton (CRIB) Colloque, Universit\u00e9 du Qu\u00e9bec en Abitibi-T\u00e9miscamingue, Qu\u00e9bec, Canada.&nbsp;<\/li>\n\n\n\n<li>Namourah, Z., Koubaa, A., Sena-Cruz, J. &amp; Correia, L. (2023, November). Hygrothermal effects on adhesively bonded CFRP-to-concrete systems [PowerPoint presentation].&nbsp;<\/li>\n\n\n\n<li>Namourah, Z., Koubaa, A., Sena-Cruz, J. &amp; Correia, L. Effets hygrothermiques sur les syst\u00e8mes de PRFC coll\u00e9s au b\u00e9ton [Poster presentation]. 3e \u00e9dition du colloque annuel de la Chaire de recherche du Canada sur la valorisation, la caract\u00e9risation et la transformation du bois, Universit\u00e9 du Qu\u00e9bec en Abitibi-T\u00e9miscamingue, Qu\u00e9bec, Canada.&nbsp;&nbsp;(2022, May 17-20).&nbsp;<\/li>\n\n\n\n<li>Namourah, Z., Koubaa, A., Sena-Cruz, J. &amp; Correia, L. Hygrothermal effects on adhesively bonded CFRP-to-concrete systems [180-minutes poster presentation]. Centre de recherche sur les infrastructures en b\u00e9ton (CRIB) student colloquium. Universit\u00e9 Laval, Qu\u00e9bec, Canada.&nbsp;&nbsp;(2023, May).&nbsp;<\/li>\n\n\n\n<li>Namourah, Z., Koubaa, A., Sena-Cruz, J. &amp; Correia, L. Hygrothermal effects on adhesively bonded CFRP-to-concrete systems [PowerPoint presentation]. The NSERC Collaborative Research and Training Experience (CREATE) Program annual summit 2023. York University, Ontario, Canada.&nbsp;&nbsp;(2023, May).&nbsp;<\/li>\n\n\n\n<li>Namourah, Z., Koubaa, A., Sena-Cruz, J. &amp; Correia, L. Hygrothermal effects on adhesively bonded CFRP-to-concrete systems [Poster presentation]. The NSERC Collaborative Research and Training Experience (CREATE) Program annual summit 2023. York University, Ontario, Canada.&nbsp;&nbsp;(2022, August 10).&nbsp;<\/li>\n\n\n\n<li>Namourah, Z., Koubaa, A., Sena-Cruz, J. &amp; Correia, L. Lab-rotation\/academic exchange activity of the Collaborative Research and Training Experience (CREATE) program, York University, Ontario, Canada.&nbsp;&nbsp;(2023, June).&nbsp;<\/li>\n\n\n\n<li>Namourah, Z., Sena-Cruz, J., Koubaa, A., &amp; Correia, L. Hygrothermal effects on adhesively bonded CFRP-to-concrete systems. Lab-rotation\/academic exchange activity of The Collaborative Research and Training Experience (CREATE) program, Universit\u00e9 du Qu\u00e9bec en Abitibi-T\u00e9miscamingue, Qu\u00e9bec, Canada.&nbsp;&nbsp;(2022, June 2).&nbsp;<\/li>\n\n\n\n<li>Reema Kumar, Guneet Kaur, and Satinder Kaur Brar (2024). Butyric acid accumulation by food waste fermentation under psychrophilic temperature. CSBE\/SGBE Conference, July 7th-10th, 2024, University of Manitoba, Winnipeg, Canada.&nbsp;&nbsp;<\/li>\n\n\n\n<li>Reema Kumar, Guneet Kaur, and Satinder Kaur Brar (2024). Thermal-alkaline pretreatment of food waste for volatile fatty acid production. TABES-CREATE Annual Conference, April 29th-30th, 2024, York University, Toronto, Canada.<\/li>\n<\/ul>\n","protected":false},"excerpt":{"rendered":"<p>Research Articles Conferences<\/p>\n","protected":false},"author":171,"featured_media":0,"parent":0,"menu_order":0,"comment_status":"closed","ping_status":"closed","template":"","meta":{"_monsterinsights_skip_tracking":false,"_monsterinsights_sitenote_active":false,"_monsterinsights_sitenote_note":"","_monsterinsights_sitenote_category":0,"footnotes":""},"categories":[],"tags":[],"class_list":["post-1875","page","type-page","status-publish","hentry"],"aioseo_notices":[],"publishpress_future_action":{"enabled":false,"date":"2026-04-23 09:04:37","action":"change-status","newStatus":"draft","terms":[],"taxonomy":"category","extraData":[]},"publishpress_future_workflow_manual_trigger":{"enabledWorkflows":[]},"_links":{"self":[{"href":"https:\/\/lassonde.yorku.ca\/tabes\/wp-json\/wp\/v2\/pages\/1875","targetHints":{"allow":["GET"]}}],"collection":[{"href":"https:\/\/lassonde.yorku.ca\/tabes\/wp-json\/wp\/v2\/pages"}],"about":[{"href":"https:\/\/lassonde.yorku.ca\/tabes\/wp-json\/wp\/v2\/types\/page"}],"author":[{"embeddable":true,"href":"https:\/\/lassonde.yorku.ca\/tabes\/wp-json\/wp\/v2\/users\/171"}],"replies":[{"embeddable":true,"href":"https:\/\/lassonde.yorku.ca\/tabes\/wp-json\/wp\/v2\/comments?post=1875"}],"version-history":[{"count":5,"href":"https:\/\/lassonde.yorku.ca\/tabes\/wp-json\/wp\/v2\/pages\/1875\/revisions"}],"predecessor-version":[{"id":1892,"href":"https:\/\/lassonde.yorku.ca\/tabes\/wp-json\/wp\/v2\/pages\/1875\/revisions\/1892"}],"wp:attachment":[{"href":"https:\/\/lassonde.yorku.ca\/tabes\/wp-json\/wp\/v2\/media?parent=1875"}],"wp:term":[{"taxonomy":"category","embeddable":true,"href":"https:\/\/lassonde.yorku.ca\/tabes\/wp-json\/wp\/v2\/categories?post=1875"},{"taxonomy":"post_tag","embeddable":true,"href":"https:\/\/lassonde.yorku.ca\/tabes\/wp-json\/wp\/v2\/tags?post=1875"}],"curies":[{"name":"wp","href":"https:\/\/api.w.org\/{rel}","templated":true}]}}